{"id":10279,"date":"2023-03-26T12:00:11","date_gmt":"2023-03-26T12:00:11","guid":{"rendered":"https:\/\/test2..com\/?page_id=10279"},"modified":"2023-03-26T12:36:47","modified_gmt":"2023-03-26T12:36:47","slug":"our-mission","status":"publish","type":"page","link":"https:\/\/www.starsskytravel.com\/fr\/our-mission\/","title":{"rendered":"Notre mission"},"content":{"rendered":"<div data-elementor-type=\"wp-page\" data-elementor-id=\"10279\" class=\"elementor elementor-10279\">\n\t\t\t\t<div class=\"elementor-element elementor-element-2b9e520 e-flex e-con-boxed e-con e-parent\" data-id=\"2b9e520\" data-element_type=\"container\">\n\t\t\t\t\t<div class=\"e-con-inner\">\n\t\t\t\t<div class=\"elementor-element elementor-element-c6b245f elementor-widget elementor-widget-heading\" data-id=\"c6b245f\" data-element_type=\"widget\" data-widget_type=\"heading.default\">\n\t\t\t\t<div class=\"elementor-widget-container\">\n\t\t\t\t\t<h2 class=\"elementor-heading-title elementor-size-default\">Notre mission<\/h2>\t\t\t\t<\/div>\n\t\t\t\t<\/div>\n\t\t\t\t<div class=\"elementor-element elementor-element-0dfd77c elementor-widget elementor-widget-text-editor\" data-id=\"0dfd77c\" data-element_type=\"widget\" data-widget_type=\"text-editor.default\">\n\t\t\t\t<div class=\"elementor-widget-container\">\n\t\t\t\t\t\t\t\t\t<p><span style=\"font-size: 14pt;\">Nos circuits<\/span><\/p><p><span style=\"font-size: 14pt;\">La Jordanie est ouverte toute l&#039;ann\u00e9e.<\/span><br \/><span style=\"font-size: 14pt;\">La Jordanie est ouverte toute l'ann\u00e9e.\nLe printemps et l'automne sont tr\u00e8s agr\u00e9ables pour venir en Jordanie. Sur tout le territoire le climat est ensoleill\u00e9 et c'est une bonne saison pour d\u00e9couvrir la faune et la flore.<\/span><\/p><p><br \/><span style=\"font-size: 14pt;\">-Randonn\u00e9e, Trekking, Aventure<\/span><br \/><span style=\"font-size: 14pt;\">Partez \u00e0 la d\u00e9couverte de la Jordanie via des sentiers de randonn\u00e9e pour explorer des canyons et des plateaux exceptionnels. Parcourir le site de P\u00e9tra, le d\u00e9sert du Wadi Rum, se baigner dans la Mer Morte, plonger pour admirer les coraux de la Mer Rouge sont autant d&#039;activit\u00e9s \u00e0 faire durant votre s\u00e9jour.<\/span><br \/><span style=\"font-size: 14pt;\">La Jordanie rec\u00e8le des tr\u00e9sors cach\u00e9s : canyon du wadi ibn Hamad, canyon du mujib nous plongent dans un climat subtropical, entre cascades et jardins suspendus offrant fra\u00eecheur et \u00e9blouissement. Le wadi gwieir dans la r\u00e9serve de Dana est l'un des canyons les plus spectaculaires de Jordanie puisque l'on alterne bassins, oasis et palmeraies dans la r\u00e9gion.<\/span><br \/><span style=\"font-size: 14pt;\">Vous allez l&#039;adorer!<\/span><\/p><p><span style=\"font-size: 14pt;\">-Circuit Classique et P\u00e8lerinage<\/span><br \/><span style=\"font-size: 14pt;\">Parmi les principaux sites culturels de Jordanie :<\/span><br \/><span style=\"font-size: 14pt;\">Le site nabat\u00e9en de Petra, inscrit au patrimoine mondial depuis 1985,<\/span><br \/><span style=\"font-size: 14pt;\">Le site gr\u00e9co-romain de Jerash, consid\u00e9r\u00e9 comme le plus important du Moyen-Orient,<\/span><br \/><span style=\"font-size: 14pt;\">Les ch\u00e2teaux du d\u00e9sert (Qasr Amrah, qasr kharanah et qasr azraq), la forteresse de Karak, ou encore Madaba et son \u00e9glise Saint Georg, le mont Nebo, J\u00e9richo, la vall\u00e9e du Jourdain, le site de B\u00e9thanie sont autant de tr\u00e9sors culturels \u00e0 visiter. d\u00e9couvrir.<\/span><br \/><span style=\"font-size: 14pt;\">Accessible \u00e0 tous, une excursion d&#039;une semaine en Jordanie vous transportera dans un univers totalement d\u00e9paysant et chaleureux.<\/span><br \/><span style=\"font-size: 14pt;\">Voyage de motivation<\/span><br \/><span style=\"font-size: 14pt;\">Pour les groupes d&#039;entreprises,<\/span><br \/><span style=\"font-size: 14pt;\">Activit\u00e9s ludiques, sportives, \u00e0 sensations ou d\u00e9tente, plusieurs formules vous sont propos\u00e9es<\/span><br \/><span style=\"font-size: 14pt;\">Vol en montgolfi\u00e8re au-dessus du Wadi Rum, activit\u00e9 quad, excursion \u00e0 dos de dromadaire ou \u00e0 cheval, croisi\u00e8res sur un bateau d&#039;exception en Mer Rouge, randonn\u00e9es dans nos r\u00e9serves naturelles,<\/span><br \/><span style=\"font-size: 14pt;\">Repas traditionnels pr\u00e9par\u00e9s par nos \u00e9quipes de cuisiniers, d\u00e9gustation de vin jordanien, nous vous ferons appr\u00e9cier la Jordanie et la bienveillance de ses habitants.<\/span><\/p><p><span style=\"font-size: 14pt;\">Circuit hybride<\/span><br \/><span style=\"font-size: 14pt;\">En groupe, en famille ou en individuel, il est possible de r\u00e9aliser tous types de circuits en alliant randonn\u00e9e et confort d&#039;un h\u00f4tel, avec ou sans guide.<\/span><br \/><span style=\"font-size: 14pt;\">Un s\u00e9jour en Jordanie peut se faire en autotour, avec ou sans chauffeur.<\/span><br \/><span style=\"font-size: 14pt;\">Mais avec notre assistance francophone garantie 24h\/24.<\/span><br \/><span style=\"font-size: 14pt;\">Visite sur mesure<\/span><br \/><span style=\"font-size: 14pt;\">Notre \u00e9quipe francophone r\u00e9pond \u00e0 vos demandes en apportant ses connaissances pour vous proposer le circuit que vous souhaitez. Nous r\u00e9pondons sous 48h et modifions avec vous sur place les prestations souhait\u00e9es pour vous garantir un s\u00e9jour inoubliable.<\/span><\/p>\t\t\t\t\t\t\t\t<\/div>\n\t\t\t\t<\/div>\n\t\t\t\t\t<\/div>\n\t\t\t\t<\/div>\n\t\t\t\t<\/div>","protected":false},"excerpt":{"rendered":"<p>Our Mission Our Tours Jordan is open all year round. Spring and autumn are very pleasant to come to Jordan. Throughout the territory the climate is sunny and it is a good season to discover the fauna and flora. -Hiking, Trekking, Adventure Discover Jordan via hiking trails to explore exceptional canyons and plateaus. Browse the [&hellip;]<\/p>","protected":false},"author":1,"featured_media":10281,"parent":0,"menu_order":0,"comment_status":"closed","ping_status":"closed","template":"template-fullwidth.php","meta":{"footnotes":""},"class_list":["post-10279","page","type-page","status-publish","has-post-thumbnail","hentry"],"_links":{"self":[{"href":"https:\/\/www.starsskytravel.com\/fr\/wp-json\/wp\/v2\/pages\/10279","targetHints":{"allow":["GET"]}}],"collection":[{"href":"https:\/\/www.starsskytravel.com\/fr\/wp-json\/wp\/v2\/pages"}],"about":[{"href":"https:\/\/www.starsskytravel.com\/fr\/wp-json\/wp\/v2\/types\/page"}],"author":[{"embeddable":true,"href":"https:\/\/www.starsskytravel.com\/fr\/wp-json\/wp\/v2\/users\/1"}],"replies":[{"embeddable":true,"href":"https:\/\/www.starsskytravel.com\/fr\/wp-json\/wp\/v2\/comments?post=10279"}],"version-history":[{"count":5,"href":"https:\/\/www.starsskytravel.com\/fr\/wp-json\/wp\/v2\/pages\/10279\/revisions"}],"predecessor-version":[{"id":10299,"href":"https:\/\/www.starsskytravel.com\/fr\/wp-json\/wp\/v2\/pages\/10279\/revisions\/10299"}],"wp:featuredmedia":[{"embeddable":true,"href":"https:\/\/www.starsskytravel.com\/fr\/wp-json\/wp\/v2\/media\/10281"}],"wp:attachment":[{"href":"https:\/\/www.starsskytravel.com\/fr\/wp-json\/wp\/v2\/media?parent=10279"}],"curies":[{"name":"wp","href":"https:\/\/api.w.org\/{rel}","templated":true}]}}