{"id":11018,"date":"2023-12-13T13:34:11","date_gmt":"2023-12-13T13:34:11","guid":{"rendered":"https:\/\/.com\/?page_id=11018"},"modified":"2024-04-08T13:13:33","modified_gmt":"2024-04-08T13:13:33","slug":"our-team","status":"publish","type":"page","link":"https:\/\/www.starsskytravel.com\/fr\/our-team\/","title":{"rendered":"Notre \u00e9quipe"},"content":{"rendered":"<div data-elementor-type=\"wp-page\" data-elementor-id=\"11018\" class=\"elementor elementor-11018\">\n\t\t\t\t\t\t<section class=\"elementor-section elementor-top-section elementor-element elementor-element-53b598d elementor-section-boxed elementor-section-height-default elementor-section-height-default\" data-id=\"53b598d\" data-element_type=\"section\">\n\t\t\t\t\t\t<div class=\"elementor-container elementor-column-gap-default\">\n\t\t\t\t\t<div class=\"elementor-column elementor-col-100 elementor-top-column elementor-element elementor-element-72c94b9\" data-id=\"72c94b9\" data-element_type=\"column\">\n\t\t\t<div class=\"elementor-widget-wrap elementor-element-populated\">\n\t\t\t\t\t\t<div class=\"elementor-element elementor-element-4fe174d elementor-widget elementor-widget-heading\" data-id=\"4fe174d\" data-element_type=\"widget\" data-widget_type=\"heading.default\">\n\t\t\t\t<div class=\"elementor-widget-container\">\n\t\t\t\t\t<h2 class=\"elementor-heading-title elementor-size-default\">\u00c9quipe de direction<\/h2>\t\t\t\t<\/div>\n\t\t\t\t<\/div>\n\t\t\t\t\t<\/div>\n\t\t<\/div>\n\t\t\t\t\t<\/div>\n\t\t<\/section>\n\t\t\t\t<section class=\"elementor-section elementor-top-section elementor-element elementor-element-64d2037 elementor-section-boxed elementor-section-height-default elementor-section-height-default\" data-id=\"64d2037\" data-element_type=\"section\">\n\t\t\t\t\t\t<div class=\"elementor-container elementor-column-gap-default\">\n\t\t\t\t\t<div class=\"elementor-column elementor-col-25 elementor-top-column elementor-element elementor-element-87a636e\" data-id=\"87a636e\" data-element_type=\"column\">\n\t\t\t<div class=\"elementor-widget-wrap elementor-element-populated\">\n\t\t\t\t\t\t<div class=\"elementor-element elementor-element-2c34d79 elementor-widget elementor-widget-st_personal_infor\" data-id=\"2c34d79\" data-element_type=\"widget\" data-settings=\"{&quot;personal_style&quot;:&quot;style-1&quot;}\" data-widget_type=\"st_personal_infor.default\">\n\t\t\t\t<div class=\"elementor-widget-container\">\n\t\t\t\t\t<div class=\"item-personal-infor\">\r\n    <div class=\"thumb\">\r\n        <img decoding=\"async\" src=\"http:\/\/starsskytravel.com\/wp-content\/uploads\/2023\/04\/Ali-AlAbbadi.jpg\" class=\"img-responsive\" alt=\"Ali Alabadi\">\r\n                        <div class=\"social\">\r\n                    <ul> \r\n                                                                        \r\n                                                                    <\/ul>\r\n                <\/div>\r\n                    \r\n    <\/div>\r\n                <p class=\"name\">Ali Alabadi<\/p>\r\n                        <p class=\"position\">GM<\/p>\r\n        <\/div>\t\t\t\t<\/div>\n\t\t\t\t<\/div>\n\t\t\t\t<div class=\"elementor-element elementor-element-5f36cde elementor-widget elementor-widget-text-editor\" data-id=\"5f36cde\" data-element_type=\"widget\" data-widget_type=\"text-editor.default\">\n\t\t\t\t<div class=\"elementor-widget-container\">\n\t\t\t\t\t\t\t\t\t<p style=\"text-align: center;\">N\u00e9e dans le d\u00e9sert en 1981, je travaille comme guide touristique depuis 2004. Je parle couramment le fran\u00e7ais. Mon expertise couvre la randonn\u00e9e, le trekking, l&#039;exploration culturelle, l&#039;escalade et le canyoning. En 2009, Mary et moi avons fond\u00e9 Stars of the Desert. Mon r\u00f4le dans l&#039;entreprise consiste \u00e0 cr\u00e9er de nouveaux programmes et itin\u00e9raires, ainsi qu&#039;\u00e0 d\u00e9velopper des strat\u00e9gies g\u00e9n\u00e9rales, une vision et des objectifs pour l&#039;entreprise.<\/p>\t\t\t\t\t\t\t\t<\/div>\n\t\t\t\t<\/div>\n\t\t\t\t\t<\/div>\n\t\t<\/div>\n\t\t\t\t<div class=\"elementor-column elementor-col-25 elementor-top-column elementor-element elementor-element-1f74e8d\" data-id=\"1f74e8d\" data-element_type=\"column\">\n\t\t\t<div class=\"elementor-widget-wrap elementor-element-populated\">\n\t\t\t\t\t\t<div class=\"elementor-element elementor-element-9fef6fb elementor-widget elementor-widget-st_personal_infor\" data-id=\"9fef6fb\" data-element_type=\"widget\" data-settings=\"{&quot;personal_style&quot;:&quot;style-1&quot;}\" data-widget_type=\"st_personal_infor.default\">\n\t\t\t\t<div class=\"elementor-widget-container\">\n\t\t\t\t\t<div class=\"item-personal-infor\">\r\n    <div class=\"thumb\">\r\n        <img decoding=\"async\" src=\"http:\/\/starsskytravel.com\/wp-content\/uploads\/2023\/05\/Mari-Dulicy.jpg\" class=\"img-responsive\" alt=\"Marie Dulcy\">\r\n                        <div class=\"social\">\r\n                    <ul> \r\n                                                                        \r\n                                                                    <\/ul>\r\n                <\/div>\r\n                    \r\n    <\/div>\r\n                <p class=\"name\">Marie Ducy<\/p>\r\n                        <p class=\"position\">Responsable Marketing<\/p>\r\n        <\/div>\t\t\t\t<\/div>\n\t\t\t\t<\/div>\n\t\t\t\t<div class=\"elementor-element elementor-element-80b6080 elementor-widget elementor-widget-text-editor\" data-id=\"80b6080\" data-element_type=\"widget\" data-widget_type=\"text-editor.default\">\n\t\t\t\t<div class=\"elementor-widget-container\">\n\t\t\t\t\t\t\t\t\t<p>Je suis arriv\u00e9 en Jordanie en 2006 en tant que touriste et je suis imm\u00e9diatement tomb\u00e9 amoureux de ce charmant pays. Par la suite, j&#039;ai co-fond\u00e9 cette soci\u00e9t\u00e9 avec Ali, qui s&#039;est lanc\u00e9 dans les navettes entre la Jordanie et la France.<\/p><p><span style=\"color: var( --e-global-color-text ); font-family: var( --e-global-typography-text-font-family ), Sans-serif; font-weight: var( --e-global-typography-text-font-weight );\">Dans mon r\u00f4le, je m&#039;engage \u00e0 assurer la liaison avec les entreprises fran\u00e7aises, \u00e0 \u00e9tudier le march\u00e9 et \u00e0 suivre avec diligence leurs besoins et le march\u00e9 des services que nous proposons.<\/span><\/p>\t\t\t\t\t\t\t\t<\/div>\n\t\t\t\t<\/div>\n\t\t\t\t\t<\/div>\n\t\t<\/div>\n\t\t\t\t<div class=\"elementor-column elementor-col-25 elementor-top-column elementor-element elementor-element-2760c07\" data-id=\"2760c07\" data-element_type=\"column\">\n\t\t\t<div class=\"elementor-widget-wrap\">\n\t\t\t\t\t\t\t<\/div>\n\t\t<\/div>\n\t\t\t\t<div class=\"elementor-column elementor-col-25 elementor-top-column elementor-element elementor-element-c386ef4\" data-id=\"c386ef4\" data-element_type=\"column\">\n\t\t\t<div class=\"elementor-widget-wrap elementor-element-populated\">\n\t\t\t\t\t\t<div class=\"elementor-element elementor-element-a0a2a73 elementor-widget elementor-widget-st_personal_infor\" data-id=\"a0a2a73\" data-element_type=\"widget\" data-settings=\"{&quot;personal_style&quot;:&quot;style-1&quot;}\" data-widget_type=\"st_personal_infor.default\">\n\t\t\t\t<div class=\"elementor-widget-container\">\n\t\t\t\t\t<div class=\"item-personal-infor\">\r\n    <div class=\"thumb\">\r\n        <img decoding=\"async\" src=\"http:\/\/starsskytravel.com\/wp-content\/uploads\/2023\/05\/Saba.jpg\" class=\"img-responsive\" alt=\"Saba Balaawi\">\r\n                        <div class=\"social\">\r\n                    <ul> \r\n                                                                        \r\n                                                                    <\/ul>\r\n                <\/div>\r\n                    \r\n    <\/div>\r\n                <p class=\"name\">Saba Balaawi<\/p>\r\n                        <p class=\"position\">La r\u00e9servation Responsable &amp; Qualit\u00e9<\/p>\r\n        <\/div>\t\t\t\t<\/div>\n\t\t\t\t<\/div>\n\t\t\t\t<div class=\"elementor-element elementor-element-d8f6957 elementor-widget elementor-widget-text-editor\" data-id=\"d8f6957\" data-element_type=\"widget\" data-widget_type=\"text-editor.default\">\n\t\t\t\t<div class=\"elementor-widget-container\">\n\t\t\t\t\t\t\t\t\t<p>J&#039;ai rejoint l&#039;entreprise en 2021, apportant avec moi une d\u00e9cennie d&#039;exp\u00e9rience dans le secteur de l&#039;h\u00f4tellerie et des offices de tourisme. C&#039;est ici que j&#039;ai vraiment saisi la notion de qualit\u00e9.<\/p><p><span style=\"color: var( --e-global-color-text ); font-family: var( --e-global-typography-text-font-family ), Sans-serif; font-weight: var( --e-global-typography-text-font-weight );\">Mes priorit\u00e9s sont centr\u00e9es sur la satisfaction client et mon r\u00f4le dans l&#039;entreprise s&#039;articule autour de la s\u00e9curisation des r\u00e9servations et du respect des indicateurs de qualit\u00e9.<\/span><\/p>\t\t\t\t\t\t\t\t<\/div>\n\t\t\t\t<\/div>\n\t\t\t\t\t<\/div>\n\t\t<\/div>\n\t\t\t\t\t<\/div>\n\t\t<\/section>\n\t\t\t\t<section class=\"elementor-section elementor-top-section elementor-element elementor-element-1c7f254 elementor-section-boxed elementor-section-height-default elementor-section-height-default\" data-id=\"1c7f254\" data-element_type=\"section\">\n\t\t\t\t\t\t<div class=\"elementor-container elementor-column-gap-default\">\n\t\t\t\t\t<div class=\"elementor-column elementor-col-25 elementor-top-column elementor-element elementor-element-2d1994a\" data-id=\"2d1994a\" data-element_type=\"column\">\n\t\t\t<div class=\"elementor-widget-wrap elementor-element-populated\">\n\t\t\t\t\t\t<div class=\"elementor-element elementor-element-6e0a6cb elementor-widget elementor-widget-st_personal_infor\" data-id=\"6e0a6cb\" data-element_type=\"widget\" data-settings=\"{&quot;personal_style&quot;:&quot;style-1&quot;}\" data-widget_type=\"st_personal_infor.default\">\n\t\t\t\t<div class=\"elementor-widget-container\">\n\t\t\t\t\t<div class=\"item-personal-infor\">\r\n    <div class=\"thumb\">\r\n        <img decoding=\"async\" src=\"http:\/\/starsskytravel.com\/wp-content\/uploads\/2023\/05\/RawanHussami.jpg\" class=\"img-responsive\" alt=\"Rawan Alhusami\">\r\n                        <div class=\"social\">\r\n                    <ul> \r\n                                                                        \r\n                                                                    <\/ul>\r\n                <\/div>\r\n                    \r\n    <\/div>\r\n                <p class=\"name\">Rawan Alhusami<\/p>\r\n                        <p class=\"position\">Gestionnaire de fonctionnement<\/p>\r\n        <\/div>\t\t\t\t<\/div>\n\t\t\t\t<\/div>\n\t\t\t\t<div class=\"elementor-element elementor-element-87e2e98 elementor-widget elementor-widget-text-editor\" data-id=\"87e2e98\" data-element_type=\"widget\" data-widget_type=\"text-editor.default\">\n\t\t\t\t<div class=\"elementor-widget-container\">\n\t\t\t\t\t\t\t\t\t<p>J&#039;ai rejoint l&#039;entreprise en 2019, et mon r\u00f4le s&#039;articule autour de la gestion des visas, du Jordan Pass, des r\u00e9servations de transports, et de la facilitation de la communication entre les guides et le bureau lors de la pr\u00e9sence de groupes en Jordanie.<\/p>\t\t\t\t\t\t\t\t<\/div>\n\t\t\t\t<\/div>\n\t\t\t\t\t<\/div>\n\t\t<\/div>\n\t\t\t\t<div class=\"elementor-column elementor-col-25 elementor-top-column elementor-element elementor-element-2071e19\" data-id=\"2071e19\" data-element_type=\"column\">\n\t\t\t<div class=\"elementor-widget-wrap elementor-element-populated\">\n\t\t\t\t\t\t<div class=\"elementor-element elementor-element-064af14 elementor-widget elementor-widget-st_personal_infor\" data-id=\"064af14\" data-element_type=\"widget\" data-settings=\"{&quot;personal_style&quot;:&quot;style-1&quot;}\" data-widget_type=\"st_personal_infor.default\">\n\t\t\t\t<div class=\"elementor-widget-container\">\n\t\t\t\t\t<div class=\"item-personal-infor\">\r\n    <div class=\"thumb\">\r\n        <img decoding=\"async\" src=\"http:\/\/starsskytravel.com\/wp-content\/uploads\/2023\/05\/DeamaImages.jpg\" class=\"img-responsive\" alt=\"Dima Alhello\">\r\n                        <div class=\"social\">\r\n                    <ul> \r\n                                                                        \r\n                                                                    <\/ul>\r\n                <\/div>\r\n                    \r\n    <\/div>\r\n                <p class=\"name\">Dima Alhello<\/p>\r\n                        <p class=\"position\">Gestionnaire de syst\u00e8me <\/p>\r\n        <\/div>\t\t\t\t<\/div>\n\t\t\t\t<\/div>\n\t\t\t\t<div class=\"elementor-element elementor-element-32a1542 elementor-widget elementor-widget-text-editor\" data-id=\"32a1542\" data-element_type=\"widget\" data-widget_type=\"text-editor.default\">\n\t\t\t\t<div class=\"elementor-widget-container\">\n\t\t\t\t\t\t\t\t\t<p>J&#039;ai rejoint le bureau en 2021, anim\u00e9 par ma passion pour les ordinateurs, les syst\u00e8mes d&#039;information, l&#039;intelligence artificielle et les technologies de l&#039;information. Dans l&#039;entreprise, mon r\u00f4le consiste \u00e0 organiser et saisir toutes les informations.<\/p>\t\t\t\t\t\t\t\t<\/div>\n\t\t\t\t<\/div>\n\t\t\t\t\t<\/div>\n\t\t<\/div>\n\t\t\t\t<div class=\"elementor-column elementor-col-25 elementor-top-column elementor-element elementor-element-3f3e2c1\" data-id=\"3f3e2c1\" data-element_type=\"column\">\n\t\t\t<div class=\"elementor-widget-wrap elementor-element-populated\">\n\t\t\t\t\t\t<div class=\"elementor-element elementor-element-1e83002 elementor-widget elementor-widget-st_personal_infor\" data-id=\"1e83002\" data-element_type=\"widget\" data-settings=\"{&quot;personal_style&quot;:&quot;style-1&quot;}\" data-widget_type=\"st_personal_infor.default\">\n\t\t\t\t<div class=\"elementor-widget-container\">\n\t\t\t\t\t<div class=\"item-personal-infor\">\r\n    <div class=\"thumb\">\r\n        <img decoding=\"async\" src=\"http:\/\/starsskytravel.com\/wp-content\/uploads\/2023\/04\/Eng.Sahdi-Khalifeh.jpg\" class=\"img-responsive\" alt=\"Shadi khalifah\">\r\n                        <div class=\"social\">\r\n                    <ul> \r\n                                                                        \r\n                                                                    <\/ul>\r\n                <\/div>\r\n                    \r\n    <\/div>\r\n                <p class=\"name\">Shadi Khalifa<\/p>\r\n                        <p class=\"position\">Informatique et E-Marketing<\/p>\r\n        <\/div>\t\t\t\t<\/div>\n\t\t\t\t<\/div>\n\t\t\t\t<div class=\"elementor-element elementor-element-ac638b1 elementor-widget elementor-widget-text-editor\" data-id=\"ac638b1\" data-element_type=\"widget\" data-widget_type=\"text-editor.default\">\n\t\t\t\t<div class=\"elementor-widget-container\">\n\t\t\t\t\t\t\t\t\t<p>Dipl\u00f4m\u00e9 de l&#039;Universit\u00e9 Al-Neelain en 2005 avec un baccalaur\u00e9at en g\u00e9nie logiciel, je me suis aventur\u00e9 dans divers secteurs du marketing \u00e9lectronique. Dans mon r\u00f4le actuel au sein de l&#039;entreprise, mon objectif est de tirer parti de la technologie et des m\u00e9dias \u00e9lectroniques pour mettre en valeur la beaut\u00e9 du patrimoine et des avantages de mon pays. J\u2019aspire \u00e0 rendre notre riche civilisation, s\u2019\u00e9tendant sur des milliers d\u2019ann\u00e9es, visible au monde entier.<br><\/p>\t\t\t\t\t\t\t\t<\/div>\n\t\t\t\t<\/div>\n\t\t\t\t\t<\/div>\n\t\t<\/div>\n\t\t\t\t<div class=\"elementor-column elementor-col-25 elementor-top-column elementor-element elementor-element-7b4ab39\" data-id=\"7b4ab39\" data-element_type=\"column\">\n\t\t\t<div class=\"elementor-widget-wrap elementor-element-populated\">\n\t\t\t\t\t\t\t<\/div>\n\t\t<\/div>\n\t\t\t\t\t<\/div>\n\t\t<\/section>\n\t\t<div class=\"elementor-element elementor-element-020261f e-flex e-con-boxed e-con e-parent\" data-id=\"020261f\" data-element_type=\"container\">\n\t\t\t\t\t<div class=\"e-con-inner\">\n\t\t<div class=\"elementor-element elementor-element-382fcfe e-con-full e-flex e-con e-parent\" data-id=\"382fcfe\" data-element_type=\"container\">\n\t\t\t\t<div class=\"elementor-element elementor-element-4defaee elementor-widget elementor-widget-st_personal_infor\" data-id=\"4defaee\" data-element_type=\"widget\" data-settings=\"{&quot;personal_style&quot;:&quot;style-1&quot;}\" data-widget_type=\"st_personal_infor.default\">\n\t\t\t\t<div class=\"elementor-widget-container\">\n\t\t\t\t\t<div class=\"item-personal-infor\">\r\n    <div class=\"thumb\">\r\n        <img decoding=\"async\" src=\"http:\/\/starsskytravel.com\/wp-content\/uploads\/2023\/12\/AhmadAwad-1.jpg\" class=\"img-responsive\" alt=\"Ahmad Awad\">\r\n                        <div class=\"social\">\r\n                    <ul> \r\n                                                                        \r\n                                                                    <\/ul>\r\n                <\/div>\r\n                    \r\n    <\/div>\r\n                <p class=\"name\">Ahmad Awad<\/p>\r\n                        <p class=\"position\">Directeur des ventes<\/p>\r\n        <\/div>\t\t\t\t<\/div>\n\t\t\t\t<\/div>\n\t\t\t\t<div class=\"elementor-element elementor-element-37f4b81 elementor-widget elementor-widget-text-editor\" data-id=\"37f4b81\" data-element_type=\"widget\" data-widget_type=\"text-editor.default\">\n\t\t\t\t<div class=\"elementor-widget-container\">\n\t\t\t\t\t\t\t\t\t<p style=\"text-align: center;\">N\u00e9e en Jordanie et fa\u00e7onn\u00e9e par diverses exp\u00e9riences en Afrique du Nord et en Europe, j&#039;ai obtenu un dipl\u00f4me en finance et comptabilit\u00e9 en 2018. Aliment\u00e9e par une passion pour les voyages, j&#039;ai explor\u00e9 plus de 16 pays, privil\u00e9giant la randonn\u00e9e et les pratiques durables. Le Wadi Rum en Jordanie occupe une place particuli\u00e8re dans mon c\u0153ur. Parlant couramment l&#039;arabe, l&#039;anglais, le fran\u00e7ais et le russe, mon voyage ne consiste pas seulement \u00e0 d\u00e9couvrir de nouveaux endroits mais \u00e0 favoriser les liens dans un monde multilingue.<\/p>\t\t\t\t\t\t\t\t<\/div>\n\t\t\t\t<\/div>\n\t\t\t\t<\/div>\n\t\t<div class=\"elementor-element elementor-element-b132dba e-con-full e-flex e-con e-parent\" data-id=\"b132dba\" data-element_type=\"container\">\n\t\t\t\t<\/div>\n\t\t<div class=\"elementor-element elementor-element-7a4851f e-con-full e-flex e-con e-parent\" data-id=\"7a4851f\" data-element_type=\"container\">\n\t\t\t\t<\/div>\n\t\t<div class=\"elementor-element elementor-element-3cea07e e-con-full e-flex e-con e-parent\" data-id=\"3cea07e\" data-element_type=\"container\">\n\t\t\t\t<\/div>\n\t\t\t\t\t<\/div>\n\t\t\t\t<\/div>\n\t\t\t\t<\/div>","protected":false},"excerpt":{"rendered":"<p>Leadership Team Ali Alabadi GM Born in the desert in 1981, I have been working as a tour guide since 2004. I speak French fluently. My expertise spans hiking, trekking, cultural exploration, climbing, and canyoning. In 2009, Mary and I founded Stars of the Desert. My role in the company involves creating new programs and [&hellip;]<\/p>","protected":false},"author":1,"featured_media":11031,"parent":0,"menu_order":0,"comment_status":"closed","ping_status":"closed","template":"","meta":{"footnotes":""},"class_list":["post-11018","page","type-page","status-publish","has-post-thumbnail","hentry"],"_links":{"self":[{"href":"https:\/\/www.starsskytravel.com\/fr\/wp-json\/wp\/v2\/pages\/11018","targetHints":{"allow":["GET"]}}],"collection":[{"href":"https:\/\/www.starsskytravel.com\/fr\/wp-json\/wp\/v2\/pages"}],"about":[{"href":"https:\/\/www.starsskytravel.com\/fr\/wp-json\/wp\/v2\/types\/page"}],"author":[{"embeddable":true,"href":"https:\/\/www.starsskytravel.com\/fr\/wp-json\/wp\/v2\/users\/1"}],"replies":[{"embeddable":true,"href":"https:\/\/www.starsskytravel.com\/fr\/wp-json\/wp\/v2\/comments?post=11018"}],"version-history":[{"count":39,"href":"https:\/\/www.starsskytravel.com\/fr\/wp-json\/wp\/v2\/pages\/11018\/revisions"}],"predecessor-version":[{"id":11087,"href":"https:\/\/www.starsskytravel.com\/fr\/wp-json\/wp\/v2\/pages\/11018\/revisions\/11087"}],"wp:featuredmedia":[{"embeddable":true,"href":"https:\/\/www.starsskytravel.com\/fr\/wp-json\/wp\/v2\/media\/11031"}],"wp:attachment":[{"href":"https:\/\/www.starsskytravel.com\/fr\/wp-json\/wp\/v2\/media?parent=11018"}],"curies":[{"name":"wp","href":"https:\/\/api.w.org\/{rel}","templated":true}]}}