{"id":11132,"date":"2024-05-23T11:53:56","date_gmt":"2024-05-23T11:53:56","guid":{"rendered":"http:\/\/localhost:8080\/?page_id=11132"},"modified":"2024-05-23T12:11:11","modified_gmt":"2024-05-23T12:11:11","slug":"elementor-11132","status":"publish","type":"page","link":"https:\/\/www.starsskytravel.com\/fr\/elementor-11132\/","title":{"rendered":"Elementor #11132"},"content":{"rendered":"<div data-elementor-type=\"wp-page\" data-elementor-id=\"11132\" class=\"elementor elementor-11132\">\n\t\t\t\t\t\t<section class=\"elementor-section elementor-top-section elementor-element elementor-element-6874da80 elementor-section-boxed elementor-section-height-default elementor-section-height-default\" data-id=\"6874da80\" data-element_type=\"section\">\n\t\t\t\t\t\t<div class=\"elementor-container elementor-column-gap-default\">\n\t\t\t\t\t<div class=\"elementor-column elementor-col-100 elementor-top-column elementor-element elementor-element-2d3ab224\" data-id=\"2d3ab224\" data-element_type=\"column\">\n\t\t\t<div class=\"elementor-widget-wrap elementor-element-populated\">\n\t\t\t\t\t\t<div class=\"elementor-element elementor-element-62fb2cae elementor-widget elementor-widget-text-editor\" data-id=\"62fb2cae\" data-element_type=\"widget\" data-widget_type=\"text-editor.default\">\n\t\t\t\t<div class=\"elementor-widget-container\">\n\t\t\t\t\t\t\t\t\t<p><span style=\"font-size: 14pt;\">Le visa d'entr\u00e9e est-il inclus ? <\/span><\/p><p>Yes. For visas, upon your arrival in Jordan, ourrepresentative will take care of it at the airport and prepare everything for you.<\/p><p><span style=\"font-size: 14pt;\">Fournissez-vous un itin\u00e9raire\u00a0? Ou savez-vous si la voiture est \u00e9quip\u00e9e d\u2019un GPS\u00a0?<\/span><\/p><p>Yes, the<br \/>representative will connect you to the GPS system inside the car on the Jordanian phone<br \/>that will be with you.<\/p><p><span style=\"font-size: 14pt;\">Pourrons-nous communiquer avec vous pendant votre s\u00e9jour ?<\/span><\/p><p>Yes, it is possible. Otherwise,<br \/>we will give you a Jordanian phone with internet.<\/p><p><span style=\"font-size: 14pt;\">Can we wear shorts and t-shirts?<\/span><\/p><p>Yes, you can simply wear what you want; you are<br \/>always in a free country.<\/p><p><span style=\"font-size: 14pt;\">Le Jordan Pass est-il inclus ?<\/span><\/p><p>Oui, le Jordan Pass est inclus.<\/p><p><span style=\"font-size: 14pt;\">Comment pourrons-nous acc\u00e9der \u00e0 notre t\u00e9l\u00e9phone portable l\u00e0-bas ?<\/span><\/p><p>What do you recommend? We will provide<br \/>you with a Jordanian SIM card phone upon your arrival, which will be at your disposal<br \/>pendant le voyage.<\/p><p><span style=\"font-size: 14pt;\">Sommes-nous enti\u00e8rement assur\u00e9s pour notre v\u00e9hicule (voyage en autonomie)\u00a0?<\/span><\/p><p>In case of an accident, if it is caused<br \/>by you, you will pay 350 JOD for the deductible and the other party pays 350; if it was<br \/>not caused by you, the other party pays everything.<\/p><p><span style=\"font-size: 14pt;\">Quel est le meilleur moyen d'\u00e9changer des devises ?<\/span><\/p><p>Regarding money, it is advisable to use the<br \/>Jordanian dinar. If you wish to exchange currency, we recommend doing it after your<br \/>arrival in Jordan. You can ask the driver for a trustworthy exchange office. We advise<br \/>against exchanging currency at the airport as the rates may be higher.<\/p><p><span style=\"font-size: 14pt;\">Quelle est la tension \u00e9lectrique en Jordanie ?<\/span><\/p><p>Regarding electricity, the standard voltage in<br \/>Jordan is 220 volts. Moreover, electrical outlets may vary from place to place, being<br \/>either two-prong or three-prong. However, they are generally three-pronged.<\/p><p><span style=\"font-size: 14pt;\">Quelle langue parlent les chauffeurs ?<\/span><\/p><p>Les chauffeurs parlent fran\u00e7ais.<\/p><p><span style=\"font-size: 14pt;\">Proposez-vous un service de location de voitures sans chauffeur pour la conduite autonome\u00a0?<\/span><\/p><p>Yes, we have a self-<br \/>driving service.<\/p><p><span style=\"font-size: 14pt;\">Le service de r\u00e9servation de vol est-il inclus\u00a0?\u00a0<\/span><\/p><p>No, it is not included, but we can help you with<br \/>pleasure.<\/p><p><span style=\"font-size: 14pt;\">Proposez-vous un service de guide touristique\u00a0?<\/span><\/p><p>Oui, nous proposons un service de guide touristique.<\/p><p><span style=\"font-size: 14pt;\">Quels types de voyages proposez-vous ?<\/span><\/p><p>We offer a variety of trip types, including sightseeing<br \/>tours, cultural tours, adventure trips, nature excursions, historical trips, religious<br \/>journeys, and many more.<\/p><p><span style=\"font-size: 14pt;\">What is the weather like in Jordan during the four seasons?<\/span><\/p><ul><li>Winter (December &#8211; February): The temperatures are cold and rainy in most regions of<br \/>Jordan, especially in the northern and western areas of the kingdom.<\/li><li>Spring (March &#8211; May): Temperatures begin to gradually increase, with periods of rain,<br \/>especially at the beginning of the season.<\/li><li>Summer (June &#8211; August): Temperatures rise significantly, and the atmosphere becomes<br \/>very hot, especially in the valleys and the Dead Sea area. In the northern and<br \/>mountainous regions, the weather is relatively warm with periods of intense heat.<\/li><li>Autumn (September &#8211; November): This period is suitable for travel and tourism, with<br \/>moderate and refreshing weather. Autumn starts with periods of rain that help<br \/>rejuvenate nature.<\/li><\/ul><p><span style=\"font-size: 14pt;\">Quelle est la situation s\u00e9curitaire en Jordanie ?<\/span><\/p><p>Jordan is generally considered one of the safest and most stable countries in the Middle East region. The Jordanian government places great importance on the safety of its citizens and foreign visitors. The security forces are well-organized and active in maintaining public order. Overall, Jordan remains a<br \/>welcoming and secure place for visitors, and many travelers enjoy its historical sites, beautiful nature, and rich culture with peace of mind.<\/p>\t\t\t\t\t\t\t\t<\/div>\n\t\t\t\t<\/div>\n\t\t\t\t\t<\/div>\n\t\t<\/div>\n\t\t\t\t\t<\/div>\n\t\t<\/section>\n\t\t\t\t<\/div>","protected":false},"excerpt":{"rendered":"<p>Regarding the entry visa, is it included? Yes. For visas, upon your arrival in Jordan, ourrepresentative will take care of it at the airport and prepare everything for you. Do you provide a road map- Or do you know if the car has a GPS? Yes, therepresentative will connect you to the GPS system inside [&hellip;]<\/p>","protected":false},"author":1,"featured_media":0,"parent":0,"menu_order":0,"comment_status":"closed","ping_status":"closed","template":"","meta":{"footnotes":""},"class_list":["post-11132","page","type-page","status-publish","has-post-thumbnail","hentry"],"_links":{"self":[{"href":"https:\/\/www.starsskytravel.com\/fr\/wp-json\/wp\/v2\/pages\/11132","targetHints":{"allow":["GET"]}}],"collection":[{"href":"https:\/\/www.starsskytravel.com\/fr\/wp-json\/wp\/v2\/pages"}],"about":[{"href":"https:\/\/www.starsskytravel.com\/fr\/wp-json\/wp\/v2\/types\/page"}],"author":[{"embeddable":true,"href":"https:\/\/www.starsskytravel.com\/fr\/wp-json\/wp\/v2\/users\/1"}],"replies":[{"embeddable":true,"href":"https:\/\/www.starsskytravel.com\/fr\/wp-json\/wp\/v2\/comments?post=11132"}],"version-history":[{"count":6,"href":"https:\/\/www.starsskytravel.com\/fr\/wp-json\/wp\/v2\/pages\/11132\/revisions"}],"predecessor-version":[{"id":11139,"href":"https:\/\/www.starsskytravel.com\/fr\/wp-json\/wp\/v2\/pages\/11132\/revisions\/11139"}],"wp:attachment":[{"href":"https:\/\/www.starsskytravel.com\/fr\/wp-json\/wp\/v2\/media?parent=11132"}],"curies":[{"name":"wp","href":"https:\/\/api.w.org\/{rel}","templated":true}]}}