{"id":11586,"date":"2024-07-01T14:03:09","date_gmt":"2024-07-01T14:03:09","guid":{"rendered":"https:\/\/www.starsskytravel.com\/?page_id=11586"},"modified":"2025-12-28T14:39:42","modified_gmt":"2025-12-28T11:39:42","slug":"our-gallery","status":"publish","type":"page","link":"https:\/\/www.starsskytravel.com\/fr\/our-gallery\/","title":{"rendered":"Notre galerie"},"content":{"rendered":"<div id=\"grsGal0\" class=\"grsGal0 grsTemplate2\">\t\t\t<div class=\"grsGalCont\" ng-controller=\"grsThumbnail0\" ng-show=\"params.cssReady\" >\t\t\t\t<grs-thumbnail params=\"params\" resize scroll><\/grs-thumbnail>\t\t\t<\/div>\t\t<\/div>\t\t\t\t\t<script>\t\t\tvar grsAtts0 = jQuery.parseJSON('{\"id\":\"1\",\"view\":\"Thumbnail\",\"theme\":\"2\",\"width\":\"200\",\"height\":\"160\",\"contwidth\":\"100\",\"imagesperpage\":\"20\",\"pagination\":\"loadMore\",\"title\":\"onhover\",\"orderby\":\"order\",\"ordering\":\"ASC\",\"polaroid\":\"0\",\"clickaction\":\"openLightbox\",\"openlinktarget\":\"_top\",\"lightboxwidth\":\"800\",\"lightboxheight\":\"600\",\"lightboxfilmstrip\":\"undefined\",\"lightboxcomment\":\"undefined\",\"lightboxcontbutts\":\"1\",\"lightboxfullw\":\"1\",\"lightboxfbutt\":\"1\",\"lightboxtbutt\":\"1\",\"lightboxpbutt\":\"1\",\"lightboxtbbutt\":\"1\",\"lightboxlibutt\":\"1\",\"lightboxreddbutt\":\"1\",\"lightboxfsbutt\":\"1\",\"lightboxap\":\"1\",\"lightboxapin\":\"3\",\"lightboximinf\":\"1\",\"lightboxswipe\":\"1\",\"lightboximcn\":\"1\",\"lightboxeffect\":\"fade\",\"themeLastModDate\":\"1719842449\"}');\t\t\tgrsApp.controller('grsThumbnail0', ['$scope', '$filter', '$log',\t\t\t\tfunction ($scope, $filter, $log) {\t\t\t\t\t$scope.params = {\t\t\t\t\t\tshatts: grsAtts0,\t\t\t\t\t\tgrs: '0',\t\t\t\t\t\tdata: {\t\t\t\t\t\t\timages : [],\t\t\t\t\t\t\tcomments: [],\t\t\t\t\t\t\ttheme: {}\t\t\t\t\t\t},\t\t\t\t\t\tcssReady: false\t\t\t\t\t};\t\t\t\t\tinsertCss(grsAtts0, '0');\t\t\t\t}\t\t\t]);\t\t<\/script>\t\t\n<p style=\"text-align: center;\"><div data-wpcr3-content=\"-1\"><div class='wpcr3_respond_1' data-ajaxurl='[\"https:||www\",\"starsskytravel\",\"com|wp-admin|admin-ajax\",\"php?action=wpcr3-ajax\"]' data-on-postid='11586'data-postid='-1'><div class=\"wpcr3_reviews_holder\"><div class=\"wpcr3_review_item\"><div class=\"wpcr3_item wpcr3_business\" itemscope itemtype=\"https:\/\/schema.org\/LocalBusiness\"><meta itemprop=\"name\" content=\"Stars Sky Travel\" \/><meta itemprop=\"url\" content=\"https:\/\/www.starsskytravel.com\/fr\" \/><meta itemprop=\"image\" content=\"https:\/\/www.starsskytravel.com\/wp-content\/plugins\/wp-customer-reviews\/css\/1x1.png\" \/><div class=\"wpcr3_dotline\"><\/div><div id=\"wpcr3_id_11944\" class=\"wpcr3_review\" itemprop=\"review\" itemscope itemtype=\"https:\/\/schema.org\/Review\"><div class=\"wpcr3_hide\" itemprop=\"author\" itemscope itemtype=\"https:\/\/schema.org\/Person\"><div itemprop=\"name\">Jerome cardin francoise<\/div><\/div><div class=\"wpcr3_hide\" itemprop=\"reviewRating\" itemscope itemtype=\"https:\/\/schema.org\/Rating\"><meta itemprop=\"bestRating\" content=\"5\" \/><meta itemprop=\"worstRating\" content=\"1\" \/><meta itemprop=\"ratingValue\" content=\"5\" \/><\/div><div class=\"wpcr3_review_ratingValue\"><div class=\"wpcr3_rating_style1\"><div class=\"wpcr3_rating_style1_base\"><div class=\"wpcr3_rating_style1_average\" style=\"width:100%;\"><\/div><\/div><\/div><\/div><div class=\"wpcr3_review_datePublished\" itemprop=\"datePublished\">Dec 24, 2025<\/div><div class=\"wpcr3_review_author\">&nbsp;by&nbsp;<span class=\"wpcr3_caps\">Jerome cardin francoise<\/span>&nbsp;on&nbsp;<span class=\"wpcr3_item_name\"><a href=\"https:\/\/www.starsskytravel.com\/fr\/customize-tour\/reviews\/\">Stars Sky Travel<\/a><\/span><\/div><div class=\"wpcr3_clear\"><\/div><div class=\"wpcr3_review_title wpcr3_caps\">September 2025<\/div><div class=\"wpcr3_clear\"><\/div><blockquote class=\"wpcr3_content\" itemprop=\"reviewBody\"><p><br \/><br \/><br \/><br \/><br \/><br \/><br \/><p class=\"translation-block\">Merci \u00e0 <strong>Reema<\/strong> pour avoir organis\u00e9 un voyage fantastique et une organisation parfaite.\nMerci \u00e0 <strong>Adnan<\/strong> pour sa gentillesse, son sourire et toutes ses attentions.\nMerci d'avoir facilit\u00e9 notre entr\u00e9e en Jordanie.<\/p><br \/><br \/><br \/><br \/><br \/><br \/><br \/><br \/><\/p><\/blockquote><\/div><\/div><\/div><div class=\"wpcr3_review_item\"><div class=\"wpcr3_item wpcr3_business\" itemscope itemtype=\"https:\/\/schema.org\/LocalBusiness\"><meta itemprop=\"name\" content=\"Stars Sky Travel\" \/><meta itemprop=\"url\" content=\"https:\/\/www.starsskytravel.com\/fr\" \/><meta itemprop=\"image\" content=\"https:\/\/www.starsskytravel.com\/wp-content\/plugins\/wp-customer-reviews\/css\/1x1.png\" \/><div class=\"wpcr3_dotline\"><\/div><div id=\"wpcr3_id_11943\" class=\"wpcr3_review\" itemprop=\"review\" itemscope itemtype=\"https:\/\/schema.org\/Review\"><div class=\"wpcr3_hide\" itemprop=\"author\" itemscope itemtype=\"https:\/\/schema.org\/Person\"><div itemprop=\"name\">jerome cardin<\/div><\/div><div class=\"wpcr3_hide\" itemprop=\"reviewRating\" itemscope itemtype=\"https:\/\/schema.org\/Rating\"><meta itemprop=\"bestRating\" content=\"5\" \/><meta itemprop=\"worstRating\" content=\"1\" \/><meta itemprop=\"ratingValue\" content=\"5\" \/><\/div><div class=\"wpcr3_review_ratingValue\"><div class=\"wpcr3_rating_style1\"><div class=\"wpcr3_rating_style1_base\"><div class=\"wpcr3_rating_style1_average\" style=\"width:100%;\"><\/div><\/div><\/div><\/div><div class=\"wpcr3_review_datePublished\" itemprop=\"datePublished\">Dec 24, 2025<\/div><div class=\"wpcr3_review_author\">&nbsp;by&nbsp;<span class=\"wpcr3_caps\">jerome cardin<\/span>&nbsp;on&nbsp;<span class=\"wpcr3_item_name\"><a href=\"https:\/\/www.starsskytravel.com\/fr\/customize-tour\/reviews\/\">Stars Sky Travel<\/a><\/span><\/div><div class=\"wpcr3_clear\"><\/div><div class=\"wpcr3_review_title wpcr3_caps\">S\u00e9jour du 10 au 25 septembre 2025<\/div><div class=\"wpcr3_clear\"><\/div><blockquote class=\"wpcr3_content\" itemprop=\"reviewBody\"><p class=\"translation-block\">Bonjour,\nNous sommes ravis de notre voyage en Jordanie.\nNous avons appr\u00e9ci\u00e9 l'accueil chaleureux \u00e0 l'a\u00e9roport d'une personne tr\u00e8s gentille, bien que je ne me souvienne plus de son nom, qui a rendu toutes les formalit\u00e9s beaucoup plus faciles, ce qui a \u00e9t\u00e9 grandement appr\u00e9ci\u00e9.\nMerci \u00e0 notre chauffeur <strong>Adnan<\/strong> pour sa gentillesse, son attention et sa ponctualit\u00e9. Nous nous sommes toujours sentis en s\u00e9curit\u00e9 avec lui, et c'\u00e9tait un excellent conducteur, surtout \u00e0 Amman.\nJe tiens \u00e0 remercier <strong>Reema<\/strong> pour tous les \u00e9changes que nous avons eus via WhatsApp. Elle a \u00e9t\u00e9 tr\u00e8s compr\u00e9hensive et gentille.\nNous avons de superbes souvenirs de ce voyage et je ne peux que recommander <strong>Star Sky Travel<\/strong>.\nJe tiens \u00e0 remercier \u00e0 nouveau <strong>Reema<\/strong> pour ses messages sur WhatsApp... toujours un mot gentil et tr\u00e8s compr\u00e9hensif.<\/p><\/blockquote><\/div><\/div><\/div><div class=\"wpcr3_review_item\"><div class=\"wpcr3_item wpcr3_business\" itemscope itemtype=\"https:\/\/schema.org\/LocalBusiness\"><meta itemprop=\"name\" content=\"Stars Sky Travel\" \/><meta itemprop=\"url\" content=\"https:\/\/www.starsskytravel.com\/fr\" \/><meta itemprop=\"image\" content=\"https:\/\/www.starsskytravel.com\/wp-content\/plugins\/wp-customer-reviews\/css\/1x1.png\" \/><div class=\"wpcr3_dotline\"><\/div><div id=\"wpcr3_id_11609\" class=\"wpcr3_review\" itemprop=\"review\" itemscope itemtype=\"https:\/\/schema.org\/Review\"><div class=\"wpcr3_hide\" itemprop=\"author\" itemscope itemtype=\"https:\/\/schema.org\/Person\"><div itemprop=\"name\">DELERAY MAX<\/div><\/div><div class=\"wpcr3_hide\" itemprop=\"reviewRating\" itemscope itemtype=\"https:\/\/schema.org\/Rating\"><meta itemprop=\"bestRating\" content=\"5\" \/><meta itemprop=\"worstRating\" content=\"1\" \/><meta itemprop=\"ratingValue\" content=\"5\" \/><\/div><div class=\"wpcr3_review_ratingValue\"><div class=\"wpcr3_rating_style1\"><div class=\"wpcr3_rating_style1_base\"><div class=\"wpcr3_rating_style1_average\" style=\"width:100%;\"><\/div><\/div><\/div><\/div><div class=\"wpcr3_review_datePublished\" itemprop=\"datePublished\">Jul 11, 2024<\/div><div class=\"wpcr3_review_author\">&nbsp;by&nbsp;<span class=\"wpcr3_caps\">DELERAY MAX<\/span>&nbsp;on&nbsp;<span class=\"wpcr3_item_name\"><a href=\"https:\/\/www.starsskytravel.com\/fr\/customize-tour\/reviews\/\">Stars Sky Travel<\/a><\/span><\/div><div class=\"wpcr3_clear\"><\/div><div class=\"wpcr3_review_title wpcr3_caps\">Notre s\u00e9jour en Jordanie<\/div><div class=\"wpcr3_clear\"><\/div><blockquote class=\"wpcr3_content\" itemprop=\"reviewBody\"><p class=\"translation-block\">Nous sommes ravis de notre s\u00e9jour en Jordanie du <strong>1er au 12 juillet 2024<\/strong>.\nTout d'abord, nous avons appr\u00e9ci\u00e9 l'accueil chaleureux \u00e0 l'a\u00e9roport par <strong>Mr. Hamza<\/strong> et son assistance pour toutes les formalit\u00e9s.\nEnsuite, nous avons \u00e9t\u00e9 ravis du soutien total apport\u00e9 pour toute notre s\u00e9jour par <strong>Mr. Ahmad Al SHARIF<\/strong>, qui \u00e9tait \u00e0 notre service et attentif \u00e0 nos besoins jour et nuit, toujours avec une grande gentillesse, un sourire et une attention exceptionnelle. Nous avons re\u00e7u des r\u00e9ponses \u00e0 toutes nos questions et une grande aide pour r\u00e9soudre toutes nos pr\u00e9occupations, y compris les probl\u00e8mes de sant\u00e9.\nC'est avec regret que nous quittons ce magnifique pays et <strong>Ahmad<\/strong>, car nous lui avons accord\u00e9 une confiance totale, comme \u00e0 un neveu de la famille, gr\u00e2ce \u00e0 tous les soins qu'il nous a prodigu\u00e9s.\nMerci \u00e0 <strong>Stars Sky Travel<\/strong> pour ce excellent choix pour notre soutien quotidien. Nous vous recommanderons \u00e0 notre famille et nos amis, ainsi qu'\u00e0 nos connaissances qui ont des agences de voyages.<\/p><\/blockquote><\/div><\/div><\/div><\/div><\/div><\/div>","protected":false},"excerpt":{"rendered":"Jerome cardin francoiseDec 24, 2025&nbsp;by&nbsp;Jerome cardin francoise&nbsp;on&nbsp;Stars Sky TravelSeptember 2025Thank you to Reema for arranging a fantastic trip and perfect organization.Thank you to Adnan for his kindness, his smile, and all his attentions.Thank you for making our entry into Jordan so easy.jerome cardinDec 24, 2025&nbsp;by&nbsp;jerome cardin&nbsp;on&nbsp;Stars Sky TravelStay from September 10th to 25th, 2025Hello,We are [...]","protected":false},"author":1,"featured_media":0,"parent":0,"menu_order":0,"comment_status":"closed","ping_status":"closed","template":"template-blank.php","meta":{"footnotes":""},"class_list":["post-11586","page","type-page","status-publish","has-post-thumbnail","hentry"],"_links":{"self":[{"href":"https:\/\/www.starsskytravel.com\/fr\/wp-json\/wp\/v2\/pages\/11586","targetHints":{"allow":["GET"]}}],"collection":[{"href":"https:\/\/www.starsskytravel.com\/fr\/wp-json\/wp\/v2\/pages"}],"about":[{"href":"https:\/\/www.starsskytravel.com\/fr\/wp-json\/wp\/v2\/types\/page"}],"author":[{"embeddable":true,"href":"https:\/\/www.starsskytravel.com\/fr\/wp-json\/wp\/v2\/users\/1"}],"replies":[{"embeddable":true,"href":"https:\/\/www.starsskytravel.com\/fr\/wp-json\/wp\/v2\/comments?post=11586"}],"version-history":[{"count":14,"href":"https:\/\/www.starsskytravel.com\/fr\/wp-json\/wp\/v2\/pages\/11586\/revisions"}],"predecessor-version":[{"id":11605,"href":"https:\/\/www.starsskytravel.com\/fr\/wp-json\/wp\/v2\/pages\/11586\/revisions\/11605"}],"wp:attachment":[{"href":"https:\/\/www.starsskytravel.com\/fr\/wp-json\/wp\/v2\/media?parent=11586"}],"curies":[{"name":"wp","href":"https:\/\/api.w.org\/{rel}","templated":true}]}}