{"id":11619,"date":"2024-07-20T11:03:39","date_gmt":"2024-07-20T11:03:39","guid":{"rendered":"https:\/\/www.starsskytravel.com\/?page_id=11619"},"modified":"2024-07-20T12:23:31","modified_gmt":"2024-07-20T12:23:31","slug":"our-mission-2","status":"publish","type":"page","link":"https:\/\/www.starsskytravel.com\/fr\/our-mission-2\/","title":{"rendered":"Notre mission"},"content":{"rendered":"<div data-elementor-type=\"wp-page\" data-elementor-id=\"11619\" class=\"elementor elementor-11619\">\n\t\t\t\t<div class=\"elementor-element elementor-element-053cb72 e-flex e-con-boxed e-con e-parent\" data-id=\"053cb72\" data-element_type=\"container\">\n\t\t\t\t\t<div class=\"e-con-inner\">\n\t\t\t\t<div class=\"elementor-element elementor-element-6f62dc6 elementor-widget elementor-widget-heading\" data-id=\"6f62dc6\" data-element_type=\"widget\" data-widget_type=\"heading.default\">\n\t\t\t\t<div class=\"elementor-widget-container\">\n\t\t\t\t\t<h2 class=\"elementor-heading-title elementor-size-default\">Notre d\u00e9claration de mission et politique de durabilit\u00e9<\/h2>\t\t\t\t<\/div>\n\t\t\t\t<\/div>\n\t\t\t\t\t<\/div>\n\t\t\t\t<\/div>\n\t\t<div class=\"elementor-element elementor-element-a16862b e-flex e-con-boxed e-con e-parent\" data-id=\"a16862b\" data-element_type=\"container\">\n\t\t\t\t\t<div class=\"e-con-inner\">\n\t\t\t\t<div class=\"elementor-element elementor-element-91b778f elementor-widget__width-auto elementor-widget elementor-widget-text-editor\" data-id=\"91b778f\" data-element_type=\"widget\" data-widget_type=\"text-editor.default\">\n\t\t\t\t<div class=\"elementor-widget-container\">\n\t\t\t\t\t\t\t\t\t<p style=\"background: white; margin: 0in 0in 7.5pt 0in;\"><span style=\"font-size: 10.0pt; font-family: 'Arial','sans-serif'; color: #1a2b48;\"><img fetchpriority=\"high\" decoding=\"async\" class=\"size-thumbnail wp-image-11626 alignleft\" src=\"http:\/\/www.starsskytravel.com\/wp-content\/uploads\/2024\/07\/WhatsApp-Image-2024-07-20-at-2.08.57-PM-400x300.jpeg\" alt=\"At our core, we are architects of positive change, committed to sustainable practices and responsible tourism. Our mission extends beyond the ordinary, empowering youth through meaningful work and fostering ethical values. Our dedication to sustainability is evident in all operations, focusing on energy efficiency, waste reduction, carbon offsetting, and biodiversity conservation. We uphold fair labor practices, engage with communities, and preserve local cultures. Through continuous improvement, we collaborate with industry partners to set higher sustainability standards. Proud catalysts for positive transformation, we uplift suppliers towards green practices, for sustainability encompasses giving back to our local communities thus ensuring fair tourism revenue distribution among local societies. We cultivate awareness among customers, inspiring sustainable travel behaviors enabling our journeys to become opportunities for exploration and positive impact, while intertwining sustainability, youth empowerment, and community support for a brighter future\" width=\"400\" height=\"300\" srcset=\"https:\/\/www.starsskytravel.com\/wp-content\/uploads\/2024\/07\/WhatsApp-Image-2024-07-20-at-2.08.57-PM-400x300.jpeg 400w, https:\/\/www.starsskytravel.com\/wp-content\/uploads\/2024\/07\/WhatsApp-Image-2024-07-20-at-2.08.57-PM-800x600.jpeg 800w, https:\/\/www.starsskytravel.com\/wp-content\/uploads\/2024\/07\/WhatsApp-Image-2024-07-20-at-2.08.57-PM-1200x900.jpeg 1200w\" sizes=\"(max-width: 400px) 100vw, 400px\" \/>Au c\u0153ur de notre d\u00e9marche, nous sommes des architectes du changement positif, engag\u00e9s dans des pratiques durables et un tourisme responsable. Notre mission d\u00e9passe l'ordinaire, en donnant du pouvoir aux jeunes \u00e0 travers un travail significatif et en cultivant des valeurs \u00e9thiques.<\/span><\/p><p style=\"background: white; box-sizing: border-box; font-variant-ligatures: normal; font-variant-caps: normal; orphans: 2; widows: 2; -webkit-text-stroke-width: 0px; text-decoration-thickness: initial; text-decoration-style: initial; text-decoration-color: initial; word-spacing: 0px; margin: 0in 0in 7.5pt 0in;\"><span style=\"font-size: 10.0pt; font-family: 'Arial','sans-serif'; color: #1a2b48;\">Notre engagement envers la durabilit\u00e9 est \u00e9vident dans toutes nos op\u00e9rations, avec un accent sur l'efficacit\u00e9 \u00e9nerg\u00e9tique, la r\u00e9duction des d\u00e9chets, la compensation carbone et la conservation de la biodiversit\u00e9. Nous respectons les pratiques de travail \u00e9quitables, nous engageons avec les communaut\u00e9s et nous pr\u00e9servons les cultures locales. Par une am\u00e9lioration continue, nous collaborons avec les partenaires de l'industrie pour \u00e9tablir des normes de durabilit\u00e9 plus \u00e9lev\u00e9es.<\/span><\/p><p style=\"background: white; box-sizing: border-box; font-variant-ligatures: normal; font-variant-caps: normal; orphans: 2; widows: 2; -webkit-text-stroke-width: 0px; text-decoration-thickness: initial; text-decoration-style: initial; text-decoration-color: initial; word-spacing: 0px; margin: 0in 0in 7.5pt 0in;\"><span style=\"font-size: 10.0pt; font-family: 'Arial','sans-serif'; color: #1a2b48;\">Fiers d'\u00eatre des catalyseurs de transformation positive, nous incitons nos fournisseurs \u00e0 adopter des pratiques \u00e9cologiques, car la durabilit\u00e9 inclut de rendre \u00e0 nos communaut\u00e9s locales, garantissant ainsi une r\u00e9partition \u00e9quitable des revenus du tourisme parmi les soci\u00e9t\u00e9s locales.<\/span><\/p><p style=\"background: white; box-sizing: border-box; font-variant-ligatures: normal; font-variant-caps: normal; orphans: 2; widows: 2; -webkit-text-stroke-width: 0px; text-decoration-thickness: initial; text-decoration-style: initial; text-decoration-color: initial; word-spacing: 0px; margin: 0in 0in 7.5pt 0in;\"><span style=\"font-size: 10.0pt; font-family: 'Arial','sans-serif'; color: #1a2b48;\">Nous sensibilisons nos clients, inspirant des comportements de voyage durables, permettant \u00e0 nos voyages de devenir des opportunit\u00e9s d'exploration et d'impact positif, tout en int\u00e9grant durabilit\u00e9, autonomisation des jeunes et soutien communautaire pour un avenir plus radieux.<\/span><\/p>\t\t\t\t\t\t\t\t<\/div>\n\t\t\t\t<\/div>\n\t\t\t\t\t<\/div>\n\t\t\t\t<\/div>\n\t\t\t\t<\/div>","protected":false},"excerpt":{"rendered":"<p>Our mission statement and sustainability policy At our core, we are architects of positive change, committed to sustainable practices and responsible tourism. Our mission extends beyond the ordinary, empowering youth through meaningful work and fostering ethical values. Our dedication to sustainability is evident in all operations, focusing on energy efficiency, waste reduction, carbon offsetting, and [&hellip;]<\/p>","protected":false},"author":1,"featured_media":11626,"parent":0,"menu_order":0,"comment_status":"closed","ping_status":"closed","template":"","meta":{"footnotes":""},"class_list":["post-11619","page","type-page","status-publish","has-post-thumbnail","hentry"],"_links":{"self":[{"href":"https:\/\/www.starsskytravel.com\/fr\/wp-json\/wp\/v2\/pages\/11619","targetHints":{"allow":["GET"]}}],"collection":[{"href":"https:\/\/www.starsskytravel.com\/fr\/wp-json\/wp\/v2\/pages"}],"about":[{"href":"https:\/\/www.starsskytravel.com\/fr\/wp-json\/wp\/v2\/types\/page"}],"author":[{"embeddable":true,"href":"https:\/\/www.starsskytravel.com\/fr\/wp-json\/wp\/v2\/users\/1"}],"replies":[{"embeddable":true,"href":"https:\/\/www.starsskytravel.com\/fr\/wp-json\/wp\/v2\/comments?post=11619"}],"version-history":[{"count":66,"href":"https:\/\/www.starsskytravel.com\/fr\/wp-json\/wp\/v2\/pages\/11619\/revisions"}],"predecessor-version":[{"id":11692,"href":"https:\/\/www.starsskytravel.com\/fr\/wp-json\/wp\/v2\/pages\/11619\/revisions\/11692"}],"wp:featuredmedia":[{"embeddable":true,"href":"https:\/\/www.starsskytravel.com\/fr\/wp-json\/wp\/v2\/media\/11626"}],"wp:attachment":[{"href":"https:\/\/www.starsskytravel.com\/fr\/wp-json\/wp\/v2\/media?parent=11619"}],"curies":[{"name":"wp","href":"https:\/\/api.w.org\/{rel}","templated":true}]}}