{"id":11753,"date":"2024-10-12T18:21:18","date_gmt":"2024-10-12T18:21:18","guid":{"rendered":"https:\/\/www.starsskytravel.com\/?page_id=11753"},"modified":"2025-12-23T15:55:42","modified_gmt":"2025-12-23T12:55:42","slug":"wildlife-welfare-and-ethical-treatment-policy","status":"publish","type":"page","link":"https:\/\/www.starsskytravel.com\/fr\/wildlife-welfare-and-ethical-treatment-policy\/","title":{"rendered":"Politique de bien-\u00eatre et de traitement \u00e9thique de la faune"},"content":{"rendered":"<h1><code>Politique de bien-\u00eatre et de traitement \u00e9thique de la faune<\/code><\/h1>\n<p><code>Stars Sky Travel s'engage \u00e0 assurer le traitement \u00e9thique et le bien-\u00eatre de la faune sauvage et interdit formellement toute excursion ou attraction impliquant des animaux en captivit\u00e9, sauf si elles sont conformes aux lois et r\u00e9glementations locales, nationales et internationales. Cette politique souligne notre engagement envers le traitement humain des sp\u00e9cimens vivants d'esp\u00e8ces sauvages prot\u00e9g\u00e9es et les mesures n\u00e9cessaires \u00e0 leur bien-\u00eatre.<\/code><\/p>\n<p>&nbsp;<\/p>\n<h1><span style=\"color: #ff0000;\"><code><span style=\"color: #ff0000;\"><strong>Respect des normes juridiques et \u00e9thiques\u00a0:<\/strong><\/span><\/code><\/span><\/h1>\n<p>&nbsp;<\/p>\n<ol>\n<li><code>Toutes les excursions et attractions impliquant la faune sauvage doivent se conformer aux lois et r\u00e9glementations locales, nationales et internationales relatives \u00e0 la protection et \u00e0 la conservation de la faune sauvage.<\/code><\/li>\n<\/ol>\n<p>&nbsp;<\/p>\n<ol start=\"2\">\n<li><code>Les sp\u00e9cimens vivants d'esp\u00e8ces sauvages prot\u00e9g\u00e9es ne devraient figurer dans notre offre que s'ils sont d\u00e9tenus par des organismes agr\u00e9\u00e9s et correctement \u00e9quip\u00e9s pour les h\u00e9berger et en prendre soin. Ces organismes doivent respecter des normes strictes en mati\u00e8re de bien-\u00eatre animal.<\/code><\/li>\n<\/ol>\n<p>&nbsp;<\/p>\n<ol start=\"3\">\n<li><code>Les excursions et attractions impliquant des animaux sauvages en captivit\u00e9 ne sont pas propos\u00e9es, sauf pour les activit\u00e9s d\u00fbment r\u00e9glement\u00e9es et conformes aux normes locales, nationales et internationales. Les excursions incluant des interactions avec la faune sauvage respectent les codes de conduite en vigueur. Toute perturbation des \u00e9cosyst\u00e8mes naturels est minimis\u00e9e.<\/code><\/li>\n<\/ol>\n<p><code>En cas de doute, et si un partenaire propose une exp\u00e9rience avec des animaux sauvages en captivit\u00e9, nous posons des questions sur la provenance des animaux, la proximit\u00e9 possible entre les visiteurs et les animaux, si le lieu propose des spectacles\/performances avec des animaux, la contribution du partenaire \u00e0 la conservation, la mani\u00e8re dont il sensibilise les visiteurs aux animaux et \u00e0 la conservation, etc.<\/code><\/p>\n<p>&nbsp;<\/p>\n<p>&nbsp;<\/p>\n<p>&nbsp;<\/p>\n<h1><span style=\"color: #ff0000;\"><code><span style=\"color: #ff0000;\"><strong>Processus de v\u00e9rification et d'autorisation\u00a0:<\/strong><\/span><\/code><\/span><\/h1>\n<ol>\n<li><code>Avant d'inclure dans nos offres toute attraction impliquant la faune sauvage, Stars Sky Travel effectuera une v\u00e9rification approfondie afin de garantir le respect des normes l\u00e9gales et \u00e9thiques.<\/code><\/li>\n<\/ol>\n<p>&nbsp;<\/p>\n<ol start=\"2\">\n<li><code>Les organismes d\u00e9tenant des sp\u00e9cimens vivants d'esp\u00e8ces sauvages prot\u00e9g\u00e9es doivent fournir la preuve d'une autorisation appropri\u00e9e, et leurs installations seront inspect\u00e9es afin de v\u00e9rifier qu'elles respectent ou d\u00e9passent les normes \u00e9tablies en mati\u00e8re de soins aux animaux.<\/code><\/li>\n<\/ol>\n<p>&nbsp;<\/p>\n<h1><strong><code><span style=\"color: #ff0000;\">Mesures imm\u00e9diates en cas de violation\u00a0:<\/span><\/code><\/strong><\/h1>\n<ol>\n<li><code>En cas de violation de notre politique relative au bien-\u00eatre et au traitement \u00e9thique de la faune sauvage, Stars Sky Travel prendra des mesures imm\u00e9diates et d\u00e9cisives.<\/code><\/li>\n<\/ol>\n<p>&nbsp;<\/p>\n<ol start=\"2\">\n<li><code>Enqu\u00eates approfondies :<\/code><\/li>\n<\/ol>\n<ul>\n<li><code>Mener des enqu\u00eates approfondies pour d\u00e9terminer la nature et l'\u00e9tendue de<\/code><\/li>\n<li><code>Collaborer avec les autorit\u00e9s comp\u00e9tentes, les organisations de conservation et les experts en bien-\u00eatre de la faune sauvage pendant la<\/code><\/li>\n<\/ul>\n<p>&nbsp;<\/p>\n<h1><code>3. Cesser la collaboration :<\/code><\/h1>\n<ul>\n<li><code>Cessez toute collaboration avec les entit\u00e9s qui enfreignent notre politique.<\/code><\/li>\n<li><code>Communiquez par \u00e9crit votre d\u00e9cision de mettre fin \u00e0 la collaboration, en exposant clairement les raisons de cette d\u00e9cision.<\/code><\/li>\n<\/ul>\n<p>&nbsp;<\/p>\n<h1><code>4. Signalement aux autorit\u00e9s :<\/code><\/h1>\n<ul>\n<li><code>Signalez l'infraction aux autorit\u00e9s locales, nationales et internationales comp\u00e9tentes.<\/code><\/li>\n<li><code>Coop\u00e9rez pleinement avec les enqu\u00eates et fournissez toutes les informations n\u00e9cessaires.<\/code><\/li>\n<\/ul>\n<p>&nbsp;<\/p>\n<h1><code>5. Suivi et am\u00e9lioration continus :<\/code><\/h1>\n<ul>\n<li><code>Mettre en \u0153uvre des m\u00e9canismes de surveillance continue pour garantir le respect permanent de nos normes en mati\u00e8re de bien-\u00eatre et de traitement \u00e9thique de la faune sauvage.<\/code><\/li>\n<\/ul>\n<p>&nbsp;<\/p>\n<h1><code>6. Audits r\u00e9guliers :<\/code><\/h1>\n<ul>\n<li><code>Effectuer des audits r\u00e9guliers de nos offres li\u00e9es \u00e0 la faune sauvage<\/code><\/li>\n<li><code>Faire appel \u00e0 des experts externes pour \u00e9valuer la situation et formuler des recommandations concernant<\/code><\/li>\n<\/ul>\n<p>&nbsp;<\/p>\n<h1><code>7. Engagement des parties prenantes :<\/code><\/h1>\n<ul>\n<li><code>Collaborer avec les autorit\u00e9s comp\u00e9tentes, les organisations de conservation et les experts en bien-\u00eatre de la faune sauvage pendant la<\/code><\/li>\n<\/ul>\n<p>&nbsp;<\/p>\n<h1><code>8. Sensibiliser :<\/code><\/h1>\n<ul>\n<li><code>Sensibiliser les voyageurs \u00e0 l'importance du tourisme responsable pour la protection de l'environnement<\/code><\/li>\n<li><code>Sensibiliser le public aux alternatives \u00e9thiques aux man\u00e8ges impliquant<\/code><\/li>\n<\/ul>\n<p>&nbsp;<\/p>\n<p><code>Cette politique de bien-\u00eatre et de traitement \u00e9thique de la faune sauvage souligne l'engagement ind\u00e9fectible de Stars Sky Travel envers des pratiques touristiques responsables et \u00e9thiques. En privil\u00e9giant le traitement humain de la faune sauvage et en appliquant des politiques strictes, nous visons \u00e0 contribuer \u00e0 la conservation de la biodiversit\u00e9 et au bien-\u00eatre des esp\u00e8ces prot\u00e9g\u00e9es.<\/code><\/p>","protected":false},"excerpt":{"rendered":"<p>Wildlife Welfare and Ethical Treatment Policy Stars Sky Travel is committed to the ethical treatment and welfare of wildlife, and we strictly prohibit the inclusion of excursions and attractions involving captive wildlife unless they comply with local, national, and international laws and regulations. This policy outlines our commitment to the humane treatment of living specimens [&hellip;]<\/p>","protected":false},"author":1,"featured_media":11760,"parent":0,"menu_order":0,"comment_status":"closed","ping_status":"closed","template":"","meta":{"footnotes":""},"class_list":["post-11753","page","type-page","status-publish","has-post-thumbnail","hentry"],"_links":{"self":[{"href":"https:\/\/www.starsskytravel.com\/fr\/wp-json\/wp\/v2\/pages\/11753","targetHints":{"allow":["GET"]}}],"collection":[{"href":"https:\/\/www.starsskytravel.com\/fr\/wp-json\/wp\/v2\/pages"}],"about":[{"href":"https:\/\/www.starsskytravel.com\/fr\/wp-json\/wp\/v2\/types\/page"}],"author":[{"embeddable":true,"href":"https:\/\/www.starsskytravel.com\/fr\/wp-json\/wp\/v2\/users\/1"}],"replies":[{"embeddable":true,"href":"https:\/\/www.starsskytravel.com\/fr\/wp-json\/wp\/v2\/comments?post=11753"}],"version-history":[{"count":17,"href":"https:\/\/www.starsskytravel.com\/fr\/wp-json\/wp\/v2\/pages\/11753\/revisions"}],"predecessor-version":[{"id":12217,"href":"https:\/\/www.starsskytravel.com\/fr\/wp-json\/wp\/v2\/pages\/11753\/revisions\/12217"}],"wp:featuredmedia":[{"embeddable":true,"href":"https:\/\/www.starsskytravel.com\/fr\/wp-json\/wp\/v2\/media\/11760"}],"wp:attachment":[{"href":"https:\/\/www.starsskytravel.com\/fr\/wp-json\/wp\/v2\/media?parent=11753"}],"curies":[{"name":"wp","href":"https:\/\/api.w.org\/{rel}","templated":true}]}}