{"id":11761,"date":"2024-10-13T11:33:27","date_gmt":"2024-10-13T11:33:27","guid":{"rendered":"https:\/\/www.starsskytravel.com\/?page_id=11761"},"modified":"2024-12-04T16:43:27","modified_gmt":"2024-12-04T13:43:27","slug":"stars-sky-travel-sustainability-policy-tool","status":"publish","type":"page","link":"https:\/\/www.starsskytravel.com\/fr\/stars-sky-travel-sustainability-policy-tool\/","title":{"rendered":"Politique de durabilit\u00e9 de Stars Sky Travel"},"content":{"rendered":"<div data-elementor-type=\"wp-page\" data-elementor-id=\"11761\" class=\"elementor elementor-11761\">\n\t\t\t\t\t\t<section class=\"elementor-section elementor-top-section elementor-element elementor-element-58e2e441 elementor-section-boxed elementor-section-height-default elementor-section-height-default\" data-id=\"58e2e441\" data-element_type=\"section\">\n\t\t\t\t\t\t<div class=\"elementor-container elementor-column-gap-default\">\n\t\t\t\t\t<div class=\"elementor-column elementor-col-100 elementor-top-column elementor-element elementor-element-795b2338\" data-id=\"795b2338\" data-element_type=\"column\">\n\t\t\t<div class=\"elementor-widget-wrap elementor-element-populated\">\n\t\t\t\t\t\t<div class=\"elementor-element elementor-element-44f443c1 elementor-widget elementor-widget-text-editor\" data-id=\"44f443c1\" data-element_type=\"widget\" data-widget_type=\"text-editor.default\">\n\t\t\t\t<div class=\"elementor-widget-container\">\n\t\t\t\t\t\t\t\t\t<h1>Politique de durabilit\u00e9 de Stars Sky Travel<strong>\u00a0<\/strong><\/h1><p><strong>Durabilit\u00e9 Environnementale:<\/strong><strong>\u00a0<\/strong><\/p><p>Chez Stars Sky Travel, nous nous engageons fermement \u00e0 la responsabilit\u00e9 environnementale, sociale et \u00e9conomique, int\u00e9grant des pratiques durables dans nos op\u00e9rations de voyage et de tourisme. Notre outil de politique de durabilit\u00e9 nous guide pour minimiser les impacts n\u00e9gatifs et contribuer au bien-\u00eatre des destinations dans lesquelles nous op\u00e9rons.<\/p><h1>1. Gestion environnementale et durabilit\u00e9 des h\u00e9bergements\u00a0:<\/h1><ul><li>\u00b7 Collaborer avec des partenaires d'h\u00e9bergement pour des pratiques durables et des am\u00e9liorations \u00e9nerg\u00e9tiques, en mettant l'accent sur l'engagement communautaire.<\/li><li>\u00b7 Privil\u00e9gier les partenaires d\u00e9montrant un engagement en faveur de la durabilit\u00e9, favorisant la croissance d'un r\u00e9seau \u00e9co-conscient.<\/li><li>\u00b7 Encourager la transparence dans les rapports sur les progr\u00e8s en mati\u00e8re de durabilit\u00e9 de la part des partenaires d'h\u00e9bergement pour une \u00e9valuation continue.<\/li><\/ul><h1>2. Responsabilit\u00e9 sociale et relations avec les employ\u00e9s\u00a0:<\/h1><ul><li>\u00b7 Prioriser un environnement de travail s\u00fbr, en conformit\u00e9 avec la l\u00e9gislation, et investir dans le d\u00e9veloppement de carri\u00e8re du personnel.<\/li><li>\u00b7 Maintenir un processus de recrutement et de s\u00e9lection \u00e9quitable et transparent, favorisant l'\u00e9galit\u00e9 des chances.<\/li><li>\u00b7 Assurer une r\u00e9mun\u00e9ration comp\u00e9titive et \u00e9quitable, incluant des dispositions pour les heures suppl\u00e9mentaires l\u00e9gales.<\/li><\/ul><h1>3. R\u00e8gles et r\u00e8glements internes\u00a0:<\/h1><ul><li>\u00b7 Mettre l'accent sur le professionnalisme, l'\u00e9galit\u00e9 des chances, la sant\u00e9 et la s\u00e9curit\u00e9, la confidentialit\u00e9 et l'utilisation responsable des ressources.<\/li><li>\u00b7 Promouvoir la divulgation des conflits d'int\u00e9r\u00eats, suivre des proc\u00e9dures disciplinaires structur\u00e9es et s'engager activement dans la formation et le d\u00e9veloppement.<\/li><\/ul><h1>4. Politiques de transport\u00a0:<\/h1><ul><li>\u00b7 Prioriser la compr\u00e9hension des besoins des clients pour des forfaits personnalis\u00e9s.<\/li><li>\u00b7 Mettre en \u0153uvre une surveillance en temps r\u00e9el, une communication robuste avec les clients et une collecte syst\u00e9matique des retours.<\/li><li>\u00b7 Mettre l'accent sur l'analyse continue des donn\u00e9es, des strat\u00e9gies adaptatives et une formation continue du personnel et des partenaires.<\/li><\/ul><h1>5. Initiatives de d\u00e9veloppement durable\u00a0:<\/h1><ul><li>\u00b7 Prioriser l'approvisionnement local, plaider pour une r\u00e9partition \u00e9quitable des revenus et investir dans la formation locale.<\/li><li>Se concentrer sur l'efficacit\u00e9 \u00e9nerg\u00e9tique, la r\u00e9duction des d\u00e9chets, la compensation carbone et la conservation de la biodiversit\u00e9.<\/li><li>\u00b7 S'engager avec les communaut\u00e9s locales, pr\u00e9server les cultures et garantir des pratiques de travail \u00e9quitables.<\/li><\/ul><h1>6. Politique d'achat durable\u00a0:<\/h1><ul><li>\u00b7 Mettre l'accent sur les produits ayant des r\u00e9f\u00e9rences de durabilit\u00e9 prouv\u00e9es et soutenir les pratiques de commerce \u00e9quitable.<\/li><li>\u00b7 Prendre en compte la disponibilit\u00e9, l'accessibilit\u00e9, les normes de qualit\u00e9 et la complexit\u00e9 de la cha\u00eene d'approvisionnement dans les d\u00e9cisions d'achat.<\/li><li>\u00b7 Exemples r\u00e9cents incluent la transition vers des produits en papier certifi\u00e9s FSC et des mat\u00e9riaux de nettoyage \u00e9cologiques.<\/li><\/ul><p><strong><span style=\"font-size: 24pt;\">7.\u00a0 <\/span><\/strong><span style=\"font-size: 24pt;\"><strong>Notre entreprise s'engage \u00e0 garantir que tous<\/strong> <span style=\"font-size: 18pt;\">Nos supports marketing et publicitaires, d\u00e9clarations et publications sont exempts d'informations trompeuses, d'affirmations exag\u00e9r\u00e9es et de promesses non tenues. Nous garantissons que l'ensemble de notre personnel est parfaitement inform\u00e9 et s'engage \u00e0 respecter scrupuleusement nos engagements envers nos clients.<\/span><\/span><\/p><p>\u00ab Nous interdisons formellement l\u2019acquisition de souvenirs repr\u00e9sentant des esp\u00e8ces v\u00e9g\u00e9tales et animales menac\u00e9es. \u00bb<\/p><p>des objets historiques ou arch\u00e9ologiques acquis ill\u00e9galement, ainsi que toute drogue ou substance illicite.<\/p><p>respecter les r\u00e9glementations locales et internationales con\u00e7ues pour contrecarrer de telles activit\u00e9s<\/p><h1>* Am\u00e9lioration continue\u00a0:<\/h1><ul><li>\u00b7 Revoir et mettre \u00e0 jour r\u00e9guli\u00e8rement les pratiques de durabilit\u00e9, \u00e9tablissant des indicateurs cl\u00e9s de performance pour une \u00e9valuation continue.<\/li><li>\u00b7 S'engager avec les parties prenantes, y compris les employ\u00e9s, les clients et les communaut\u00e9s locales, pour recueillir des retours et des id\u00e9es afin d'am\u00e9liorer les efforts de durabilit\u00e9.<\/li><li>Participer activement aux collaborations sectorielles, en partageant les meilleures pratiques afin de contribuer \u00e0 l'am\u00e9lioration globale de la durabilit\u00e9 dans le secteur du voyage et du tourisme.<\/li><\/ul><p>Notre politique de durabilit\u00e9 d'entreprise est un cadre dynamique soumis \u00e0 une r\u00e9vision et des mises \u00e0 jour r\u00e9guli\u00e8res, garantissant l'alignement avec les meilleures pratiques de l'industrie, le tourisme responsable et un engagement ferme envers l'am\u00e9lioration continue.<\/p><p>Cet outil int\u00e9gr\u00e9 de politique de durabilit\u00e9 refl\u00e8te une approche globale de la durabilit\u00e9, alignant divers aspects de la responsabilit\u00e9 environnementale, sociale et \u00e9conomique au sein des op\u00e9rations de Stars Sky Travel.<\/p><p><em>\"Notre entreprise s'engage \u00e0 garantir que tous les supports marketing et publicitaires, d\u00e9clarations et publications sont exempts d'informations trompeuses, de revendications exag\u00e9r\u00e9es ou de sous-livraisons. Nous garantissons que l'ensemble de notre personnel est pleinement inform\u00e9 et d\u00e9di\u00e9 \u00e0 fournir ce qui est promis \u00e0 nos clients de mani\u00e8re transparente.\"<\/em><em>\u00a0<\/em><\/p><p><em>\"Nous interdisons strictement l'acquisition de souvenirs comportant des esp\u00e8ces v\u00e9g\u00e9tales et animales en voie de disparition, des artefacts historiques ou arch\u00e9ologiques acquis ill\u00e9galement, ainsi que des drogues ou substances illicites. Nous respectons les r\u00e9glementations locales et internationales con\u00e7ues pour pr\u00e9venir de telles activit\u00e9s.\"<\/em><\/p>\t\t\t\t\t\t\t\t<\/div>\n\t\t\t\t<\/div>\n\t\t\t\t\t<\/div>\n\t\t<\/div>\n\t\t\t\t\t<\/div>\n\t\t<\/section>\n\t\t\t\t<\/div>","protected":false},"excerpt":{"rendered":"<p>Stars Sky Travel Sustainability Policy Tool\u00a0 Environmental Sustainability:\u00a0 At Stars Sky Travel, we are steadfast in our commitment to environmental, social, and economic responsibility, integrating sustainable practices into our travel and tourism operations. Our Sustainability Policy Tool guides us in minimizing negative impacts and contributing to the well-being of the destinations we operate in. 1. [&hellip;]<\/p>","protected":false},"author":1,"featured_media":11615,"parent":0,"menu_order":0,"comment_status":"closed","ping_status":"closed","template":"","meta":{"footnotes":""},"class_list":["post-11761","page","type-page","status-publish","has-post-thumbnail","hentry"],"_links":{"self":[{"href":"https:\/\/www.starsskytravel.com\/fr\/wp-json\/wp\/v2\/pages\/11761","targetHints":{"allow":["GET"]}}],"collection":[{"href":"https:\/\/www.starsskytravel.com\/fr\/wp-json\/wp\/v2\/pages"}],"about":[{"href":"https:\/\/www.starsskytravel.com\/fr\/wp-json\/wp\/v2\/types\/page"}],"author":[{"embeddable":true,"href":"https:\/\/www.starsskytravel.com\/fr\/wp-json\/wp\/v2\/users\/1"}],"replies":[{"embeddable":true,"href":"https:\/\/www.starsskytravel.com\/fr\/wp-json\/wp\/v2\/comments?post=11761"}],"version-history":[{"count":11,"href":"https:\/\/www.starsskytravel.com\/fr\/wp-json\/wp\/v2\/pages\/11761\/revisions"}],"predecessor-version":[{"id":11908,"href":"https:\/\/www.starsskytravel.com\/fr\/wp-json\/wp\/v2\/pages\/11761\/revisions\/11908"}],"wp:featuredmedia":[{"embeddable":true,"href":"https:\/\/www.starsskytravel.com\/fr\/wp-json\/wp\/v2\/media\/11615"}],"wp:attachment":[{"href":"https:\/\/www.starsskytravel.com\/fr\/wp-json\/wp\/v2\/media?parent=11761"}],"curies":[{"name":"wp","href":"https:\/\/api.w.org\/{rel}","templated":true}]}}