{"id":12071,"date":"2025-10-26T14:15:55","date_gmt":"2025-10-26T11:15:55","guid":{"rendered":"https:\/\/www.starsskytravel.com\/?page_id=12071"},"modified":"2025-10-26T14:27:36","modified_gmt":"2025-10-26T11:27:36","slug":"most-popular","status":"publish","type":"page","link":"https:\/\/www.starsskytravel.com\/fr\/customize-tour\/most-popular\/","title":{"rendered":"Les plus populaires"},"content":{"rendered":"<div data-elementor-type=\"wp-page\" data-elementor-id=\"12071\" class=\"elementor elementor-12071\">\n\t\t\t\t<div class=\"elementor-element elementor-element-665c121 e-flex e-con-boxed e-con e-parent\" data-id=\"665c121\" data-element_type=\"container\">\n\t\t\t\t\t<div class=\"e-con-inner\">\n\t\t<div class=\"elementor-element elementor-element-4b4d30c e-con-full e-flex e-con e-parent\" data-id=\"4b4d30c\" data-element_type=\"container\">\n\t\t\t\t<div class=\"elementor-element elementor-element-8a9fc9c elementor-widget elementor-widget-heading\" data-id=\"8a9fc9c\" data-element_type=\"widget\" data-widget_type=\"heading.default\">\n\t\t\t\t<div class=\"elementor-widget-container\">\n\t\t\t\t\t<h5 class=\"elementor-heading-title elementor-size-default\">Amman - Madaba - Mont N\u00e9bo - Route du Roi - Ch\u00e2teau de Kerak - P\u00e9tra<\/h5>\t\t\t\t<\/div>\n\t\t\t\t<\/div>\n\t\t\t\t<div class=\"elementor-element elementor-element-b377458 elementor-widget elementor-widget-text-editor\" data-id=\"b377458\" data-element_type=\"widget\" data-widget_type=\"text-editor.default\">\n\t\t\t\t<div class=\"elementor-widget-container\">\n\t\t\t\t\t\t\t\t\t<article class=\"text-token-text-primary w-full focus:outline-none [--shadow-height:45px] has-data-writing-block:pointer-events-none has-data-writing-block:-mt-(--shadow-height) has-data-writing-block:pt-(--shadow-height) [&amp;:has([data-writing-block])&gt;*]:pointer-events-auto scroll-mt-[calc(var(--header-height)+min(200px,max(70px,20svh)))]\" dir=\"auto\" tabindex=\"-1\" data-turn-id=\"request-WEB:e5904efd-2d26-48cf-8b4b-6d6c7f8cd4a1-21\" data-testid=\"conversation-turn-36\" data-scroll-anchor=\"true\" data-turn=\"assistant\"><div class=\"text-base my-auto mx-auto pb-10 [--thread-content-margin:--spacing(4)] thread-sm:[--thread-content-margin:--spacing(6)] thread-lg:[--thread-content-margin:--spacing(16)] px-(--thread-content-margin)\" style=\"text-align: center;\"><div class=\"[--thread-content-max-width:40rem] thread-lg:[--thread-content-max-width:48rem] mx-auto max-w-(--thread-content-max-width) flex-1 group\/turn-messages focus-visible:outline-hidden relative flex w-full min-w-0 flex-col agent-turn\" tabindex=\"-1\"><div class=\"flex max-w-full flex-col grow\"><div class=\"min-h-8 text-message relative flex w-full flex-col items-end gap-2 text-start break-words whitespace-normal [.text-message+&amp;]:mt-1\" dir=\"auto\" data-message-author-role=\"assistant\" data-message-id=\"d973997c-4e3b-43c0-b982-417a2a612eea\" data-message-model-slug=\"gpt-5-thinking\"><div class=\"flex w-full flex-col gap-1 empty:hidden first:pt-[1px]\"><div class=\"markdown prose dark:prose-invert w-full break-words light markdown-new-styling\"><p data-start=\"0\" data-end=\"567\" class=\"translation-block\"><strong data-start=\"0\" data-end=\"71\">D'Amman \u00e0 Petra via la Route du Roi : une histoire qui ne finit jamais<\/strong><br data-start=\"71\" data-end=\"74\">Commencez votre matin\u00e9e \u00e0 Amman et laissez-vous emporter par l'agitation de la ville en direction de Madaba, o\u00f9 les mosa\u00efques portent le ciel dans la pierre. Faites une pause au sommet du Mont N\u00e9bo o\u00f9 l'horizon rencontre l'histoire, puis suivez la l\u00e9gendaire <strong data-start=\"257\" data-end=\"275\">Route du Roi<\/strong> vers le sud. Au <strong data-start=\"286\" data-end=\"302\">Ch\u00e2teau de Kerak<\/strong>, \u00e9coutez les \u00e9chos des si\u00e8cles \u00e0 travers ses murs crois\u00e9s\u2014avant de poursuivre vers la merveille intemporelle de <strong data-start=\"396\" data-end=\"405\" data-is-only-node=\"\">Petra<\/strong> : une porte rouge ros\u00e9e, des siqs \u00e9troits, et une magie unique en son genre. Un voyage fluide \u00e0 travers le patrimoine, les paysages et l'aventure douce \u2014 racont\u00e9 en une seule journ\u00e9e inoubliable.<\/p><p data-start=\"569\" data-end=\"590\"><strong data-start=\"569\" data-end=\"588\">Pourquoi cet itin\u00e9raire?<\/strong><\/p><ul data-start=\"591\" data-end=\"747\"><li data-start=\"591\" data-end=\"623\"><p data-start=\"593\" data-end=\"623\">L'histoire vivante \u00e0 chaque arr\u00eat<\/p><\/li><li data-start=\"624\" data-end=\"665\"><p data-start=\"626\" data-end=\"665\">Des panoramas \u00e0 couper le souffle et des routes pittoresques<\/p><\/li><li data-start=\"666\" data-end=\"713\"><p data-start=\"668\" data-end=\"713\">Des visites courtes et \u00e9quilibr\u00e9es \u2013 sans pr\u00e9cipitation, juste le rythme<\/p><\/li><li data-start=\"714\" data-end=\"747\"><p data-start=\"716\" data-end=\"747\">Un final \u00e9poustouflant \u00e0 Petra<\/p><\/li><\/ul><p data-start=\"749\" data-end=\"814\"><em data-start=\"749\" data-end=\"814\">Pr\u00eat \u00e0 partir ? R\u00e9servez d\u00e8s maintenant et laissez la Route Royale vous faire d\u00e9couvrir le reste.<\/em><\/p><\/div><\/div><\/div><\/div><div class=\"z-0 flex min-h-[46px] justify-start\">\u00a0<\/div><div class=\"mt-3 w-full empty:hidden\"><div class=\"text-center\">\u00a0<\/div><\/div><\/div><\/div><\/article><div class=\"pointer-events-none h-px w-px\" aria-hidden=\"true\" data-edge=\"true\">\u00a0<\/div>\t\t\t\t\t\t\t\t<\/div>\n\t\t\t\t<\/div>\n\t\t\t\t<div class=\"elementor-element elementor-element-86e9b45 elementor-button-success elementor-align-center elementor-widget elementor-widget-button\" data-id=\"86e9b45\" data-element_type=\"widget\" data-widget_type=\"button.default\">\n\t\t\t\t<div class=\"elementor-widget-container\">\n\t\t\t\t\t\t\t\t\t<div class=\"elementor-button-wrapper\">\n\t\t\t\t\t<a class=\"elementor-button elementor-button-link elementor-size-md\" href=\"https:\/\/www.starsskytravel.com\/fr\/contact\/\" id=\"4\">\n\t\t\t\t\t\t<span class=\"elementor-button-content-wrapper\">\n\t\t\t\t\t\t\t\t\t<span class=\"elementor-button-text\">R\u00e9servez maintenant<\/span>\n\t\t\t\t\t<\/span>\n\t\t\t\t\t<\/a>\n\t\t\t\t<\/div>\n\t\t\t\t\t\t\t\t<\/div>\n\t\t\t\t<\/div>\n\t\t\t\t<\/div>\n\t\t<div class=\"elementor-element elementor-element-2fa55a0 e-con-full e-flex e-con e-parent\" data-id=\"2fa55a0\" data-element_type=\"container\">\n\t\t\t\t<div class=\"elementor-element elementor-element-49e9de7 elementor-widget elementor-widget-heading\" data-id=\"49e9de7\" data-element_type=\"widget\" data-widget_type=\"heading.default\">\n\t\t\t\t<div class=\"elementor-widget-container\">\n\t\t\t\t\t<h3 class=\"elementor-heading-title elementor-size-medium\">Visite d'Amman - Jerash - Ajloun - Amman<\/h3>\t\t\t\t<\/div>\n\t\t\t\t<\/div>\n\t\t\t\t<div class=\"elementor-element elementor-element-9f22db7 elementor-widget elementor-widget-text-editor\" data-id=\"9f22db7\" data-element_type=\"widget\" data-widget_type=\"text-editor.default\">\n\t\t\t\t<div class=\"elementor-widget-container\">\n\t\t\t\t\t\t\t\t\t<article class=\"text-token-text-primary w-full focus:outline-none [--shadow-height:45px] has-data-writing-block:pointer-events-none has-data-writing-block:-mt-(--shadow-height) has-data-writing-block:pt-(--shadow-height) [&amp;:has([data-writing-block])&gt;*]:pointer-events-auto scroll-mt-[calc(var(--header-height)+min(200px,max(70px,20svh)))]\" dir=\"auto\" tabindex=\"-1\" data-turn-id=\"request-WEB:e5904efd-2d26-48cf-8b4b-6d6c7f8cd4a1-22\" data-testid=\"conversation-turn-38\" data-scroll-anchor=\"true\" data-turn=\"assistant\"><div class=\"text-base my-auto mx-auto pb-10 [--thread-content-margin:--spacing(4)] thread-sm:[--thread-content-margin:--spacing(6)] thread-lg:[--thread-content-margin:--spacing(16)] px-(--thread-content-margin)\"><div class=\"[--thread-content-max-width:40rem] thread-lg:[--thread-content-max-width:48rem] mx-auto max-w-(--thread-content-max-width) flex-1 group\/turn-messages focus-visible:outline-hidden relative flex w-full min-w-0 flex-col agent-turn\" tabindex=\"-1\"><div class=\"flex max-w-full flex-col grow\"><div class=\"min-h-8 text-message relative flex w-full flex-col items-end gap-2 text-start break-words whitespace-normal [.text-message+&amp;]:mt-1\" dir=\"auto\" data-message-author-role=\"assistant\" data-message-id=\"5966e976-f1d7-4a03-8e4b-1ca0fb60fa5a\" data-message-model-slug=\"gpt-5-thinking\"><div class=\"flex w-full flex-col gap-1 empty:hidden first:pt-[1px]\"><div class=\"markdown prose dark:prose-invert w-full break-words light markdown-new-styling\"><p data-start=\"0\" data-end=\"544\" class=\"translation-block\"><strong data-start=\"0\" data-end=\"71\">Amman \u2022 Jerash \u2022 Ajloun \u2022 Amman : vers le nord dans les collines verdoyantes et la gloire romaine<\/strong><br data-start=\"71\" data-end=\"74\">Commencez par un go\u00fbt d'Amman vibrante\u2014des vues de la citadelle, des ar\u00f4mes de caf\u00e9 et des rues qui bourdonnent d'hier et d'aujourd'hui. Ensuite, dirigez-vous vers le nord vers <strong data-start=\"257\" data-end=\"275\">Jerash<\/strong>, o\u00f9 les avenues \u00e0 colonnades, les grands th\u00e9\u00e2tres et les arches triomphales r\u00e9v\u00e8lent l'une des villes romaines les mieux pr\u00e9serv\u00e9es au monde. Montez plus haut vers <strong data-start=\"286\" data-end=\"302\">Ajloun<\/strong>, son ch\u00e2teau du XIIe si\u00e8cle surplombant les oliveraies et les for\u00eats vallonn\u00e9es, une brise fra\u00eeche dans chaque corridor. Retournez \u00e0 Amman \u00e0 l'heure dor\u00e9e\u2014des histoires collect\u00e9es, des sens rafra\u00eechis.<\/p><p data-start=\"546\" data-end=\"567\"><strong data-start=\"546\" data-end=\"565\">Pourquoi cet itin\u00e9raire?<\/strong><\/p><ul data-start=\"568\" data-end=\"746\"><li data-start=\"568\" data-end=\"607\"><p data-start=\"570\" data-end=\"607\">Des ruines romaines embl\u00e9matiques, loin de la foule<\/p><\/li><li data-start=\"608\" data-end=\"657\"><p data-start=\"610\" data-end=\"657\">Hautes terres bois\u00e9es et vues panoramiques sur le ch\u00e2teau<\/p><\/li><li data-start=\"658\" data-end=\"702\"><p data-start=\"660\" data-end=\"702\">Route agr\u00e9able et pittoresque avec des arr\u00eats \u00e9quilibr\u00e9s<\/p><\/li><li data-start=\"703\" data-end=\"746\"><p data-start=\"705\" data-end=\"746\">Excursion d'une journ\u00e9e id\u00e9ale alliant culture et nature<\/p><\/li><\/ul><p data-start=\"748\" data-end=\"838\"><em data-start=\"748\" data-end=\"838\">Pr\u00eat \u00e0 explorer ? R\u00e9servez d\u00e8s maintenant et laissez le nord de la Jordanie se d\u00e9voiler \u00e0 vous en une seule journ\u00e9e inoubliable.<\/em><\/p><\/div><\/div><\/div><\/div><div class=\"z-0 flex min-h-[46px] justify-start\">\u00a0<\/div><div class=\"mt-3 w-full empty:hidden\"><div class=\"text-center\">\u00a0<\/div><\/div><\/div><\/div><\/article><div class=\"pointer-events-none h-px w-px\" aria-hidden=\"true\" data-edge=\"true\">\u00a0<\/div>\t\t\t\t\t\t\t\t<\/div>\n\t\t\t\t<\/div>\n\t\t\t\t<div class=\"elementor-element elementor-element-6b5f534 elementor-button-success elementor-align-center elementor-widget elementor-widget-button\" data-id=\"6b5f534\" data-element_type=\"widget\" data-widget_type=\"button.default\">\n\t\t\t\t<div class=\"elementor-widget-container\">\n\t\t\t\t\t\t\t\t\t<div class=\"elementor-button-wrapper\">\n\t\t\t\t\t<a class=\"elementor-button elementor-button-link elementor-size-md\" href=\"https:\/\/www.starsskytravel.com\/fr\/contact\/\">\n\t\t\t\t\t\t<span class=\"elementor-button-content-wrapper\">\n\t\t\t\t\t\t\t\t\t<span class=\"elementor-button-text\">R\u00e9servez maintenant<\/span>\n\t\t\t\t\t<\/span>\n\t\t\t\t\t<\/a>\n\t\t\t\t<\/div>\n\t\t\t\t\t\t\t\t<\/div>\n\t\t\t\t<\/div>\n\t\t\t\t<\/div>\n\t\t\t\t\t<\/div>\n\t\t\t\t<\/div>\n\t\t\t\t<\/div>","protected":false},"excerpt":{"rendered":"<p>Amman &#8211; Madaba &#8211; Mount Nebo &#8211; King\u2019s Highway- Kerak Castle &#8211; Petra From Amman to Petra via the King\u2019s Highway: a story that never endsBegin your morning in Amman and slip past the city buzz toward Madaba, where mosaics carry the sky in stone. Pause atop Mount Nebo as horizons meet history, then follow [&hellip;]<\/p>","protected":false},"author":1,"featured_media":0,"parent":10314,"menu_order":0,"comment_status":"closed","ping_status":"closed","template":"","meta":{"footnotes":""},"class_list":["post-12071","page","type-page","status-publish","has-post-thumbnail","hentry"],"_links":{"self":[{"href":"https:\/\/www.starsskytravel.com\/fr\/wp-json\/wp\/v2\/pages\/12071","targetHints":{"allow":["GET"]}}],"collection":[{"href":"https:\/\/www.starsskytravel.com\/fr\/wp-json\/wp\/v2\/pages"}],"about":[{"href":"https:\/\/www.starsskytravel.com\/fr\/wp-json\/wp\/v2\/types\/page"}],"author":[{"embeddable":true,"href":"https:\/\/www.starsskytravel.com\/fr\/wp-json\/wp\/v2\/users\/1"}],"replies":[{"embeddable":true,"href":"https:\/\/www.starsskytravel.com\/fr\/wp-json\/wp\/v2\/comments?post=12071"}],"version-history":[{"count":13,"href":"https:\/\/www.starsskytravel.com\/fr\/wp-json\/wp\/v2\/pages\/12071\/revisions"}],"predecessor-version":[{"id":12097,"href":"https:\/\/www.starsskytravel.com\/fr\/wp-json\/wp\/v2\/pages\/12071\/revisions\/12097"}],"up":[{"embeddable":true,"href":"https:\/\/www.starsskytravel.com\/fr\/wp-json\/wp\/v2\/pages\/10314"}],"wp:attachment":[{"href":"https:\/\/www.starsskytravel.com\/fr\/wp-json\/wp\/v2\/media?parent=12071"}],"curies":[{"name":"wp","href":"https:\/\/api.w.org\/{rel}","templated":true}]}}