{"id":11130,"date":"2024-05-23T12:22:27","date_gmt":"2024-05-23T12:22:27","guid":{"rendered":"http:\/\/localhost:8080\/?page_id=11130"},"modified":"2026-01-04T11:39:07","modified_gmt":"2026-01-04T08:39:07","slug":"questions-and-answers","status":"publish","type":"page","link":"https:\/\/www.starsskytravel.com\/it\/questions-and-answers\/","title":{"rendered":"Domande e risposte"},"content":{"rendered":"<div style=\"font-family: Arial, sans-serif; max-width: 900px; margin: 20px auto; color: #333; line-height: 1.6;\">\n<div style=\"margin-bottom: 30px;\">\n<h2 style=\"font-size: 22px; border-bottom: 2px solid #1a73e8; padding-bottom: 10px; color: #1a73e8;\">Domande frequenti<\/h2>\n<ul style=\"list-style-type: none; padding: 0;\">\n<li style=\"margin-bottom: 20px;\" class=\"translation-block\"><strong style=\"color: #555\">\u2022 Per quanto riguarda il visto d\u2019ingresso, \u00e8 incluso?<\/strong><br>\nS\u00ec. Al tuo arrivo in Giordania, il nostro rappresentante si occuper\u00e0 delle procedure per il visto all\u2019aeroporto e preparer\u00e0 tutto per te.<\/li>\n<li style=\"margin-bottom: 20px;\" class=\"translation-block\"><strong style=\"color: #555\">\u2022 Fornite una mappa stradale o il GPS per l\u2019auto?<\/strong><br>\nS\u00ec, il nostro rappresentante ti collegher\u00e0 al sistema GPS presente nell\u2019auto tramite un telefono giordano fornito.<\/li>\n<li style=\"margin-bottom: 20px;\" class=\"translation-block\"><strong style=\"color: #555\">\u2022 Saremo in grado di comunicare con voi durante il soggiorno?<\/strong><br>\nS\u00ec, \u00e8 possibile. Vi forniremo un telefono locale giordano con accesso a internet per tutta la durata del viaggio.<\/li>\n<li style=\"margin-bottom: 20px;\" class=\"translation-block\"><strong style=\"color: #555\">\u2022 Il Jordan Pass \u00e8 incluso?<\/strong><br>\nS\u00ec, il Jordan Pass \u00e8 incluso nel vostro pacchetto.<\/li>\n<li style=\"margin-bottom: 20px;\" class=\"translation-block\"><strong style=\"color: #555\">\u2022 Come possiamo accedere ai dati mobili l\u00ec?<\/strong><br>\nConsigliamo di utilizzare il servizio locale che forniamo. Una SIM giordana e un telefono saranno a vostra disposizione al vostro arrivo.<\/li>\n<li style=\"margin-bottom: 20px;\" class=\"translation-block\"><strong style=\"color: #555\">\u2022 Siamo completamente assicurati per il veicolo (tour in autonomia)?<\/strong><br>\nIn caso di incidente di cui siete responsabili, \u00e8 previsto un franchigia di 350 JOD. Se l\u2019incidente non \u00e8 colpa vostra, l\u2019assicurazione dell\u2019altra parte copre i costi.<\/li>\n<li style=\"margin-bottom: 20px;\" class=\"translation-block\"><strong style=\"color: #555\">\u2022 Qual \u00e8 il modo migliore per cambiare valuta?<\/strong><br>\nConsigliamo di usare i Dinar giordani (JOD). \u00c8 meglio cambiare i soldi dopo aver lasciato l\u2019aeroporto per ottenere tassi migliori. Il tuo autista pu\u00f2 portarti in un ufficio di cambio affidabile.<\/li>\n<li style=\"margin-bottom: 20px;\" class=\"translation-block\"><strong style=\"color: #555\">\u2022 Qual \u00e8 la tensione elettrica in Giordania?<\/strong><br>\nLa tensione standard \u00e8 di 220V. Le prese sono generalmente a tre poli (stile UK), anche se occasionalmente si trovano prese a due poli.<\/li>\n<li style=\"margin-bottom: 20px;\" class=\"translation-block\"><strong style=\"color: #555\">\u2022 Quale lingua parlano gli autisti?<\/strong><br>\nI nostri autisti parlano francese.<\/li>\n<li style=\"margin-bottom: 20px;\" class=\"translation-block\"><strong style=\"color: #555\">\u2022 Offrite noleggi per guida autonoma?<\/strong><br>\nS\u00ec, offriamo un servizio dedicato alla guida autonoma.<\/li>\n<li style=\"margin-bottom: 20px;\" class=\"translation-block\"><strong style=\"color: #555\">\u2022 La prenotazione del volo \u00e8 inclusa?<\/strong><br>\nNo, i voli non sono inclusi, ma saremo lieti di assistervi nel processo di prenotazione.<\/li>\n<\/ul><\/div>\n<h2 style=\"font-size: 20px; margin-bottom: 20px; font-weight: bold; color: #1a73e8;\">\n        Meteo stagionale in Giordania<br \/>\n    <\/h2>\n<div style=\"display: grid; grid-template-columns: repeat(auto-fit, minmax(200px, 1fr)); gap: 16px; margin-bottom: 30px;\">\n<div style=\"border: 1px solid #ddd; border-radius: 10px; padding: 16px; background-color: #f9f9f9;\">\n<div style=\"font-weight: 700; color: #1a73e8;\">Inverno (dicembre \u2013 febbraio)<\/div>\n<p style=\"margin-top: 8px; font-size: 14px;\">Freddo e piovoso nella maggior parte delle regioni, in particolare nel nord e nell'ovest.<\/p>\n<\/p><\/div>\n<div style=\"border: 1px solid #ddd; border-radius: 10px; padding: 16px; background-color: #f9f9f9;\">\n<div style=\"font-weight: 700; color: #1a73e8;\">Primavera (marzo \u2013 maggio)<\/div>\n<p style=\"margin-top: 8px; font-size: 14px;\">Temperature miti con piogge occasionali all'inizio della stagione. Ideale per la natura.<\/p>\n<\/p><\/div>\n<div style=\"border: 1px solid #ddd; border-radius: 10px; padding: 16px; background-color: #f9f9f9;\">\n<div style=\"font-weight: 700; color: #1a73e8;\">Estate (giugno \u2013 agosto)<\/div>\n<p style=\"margin-top: 8px; font-size: 14px;\">Caldo, soprattutto nella valle del Giordano e nel Mar Morto. Le montagne rimangono pi\u00f9 miti.<\/p>\n<\/p><\/div>\n<div style=\"border: 1px solid #ddd; border-radius: 10px; padding: 16px; background-color: #f9f9f9;\">\n<div style=\"font-weight: 700; color: #1a73e8;\">Autunno (settembre \u2013 novembre)<\/div>\n<p style=\"margin-top: 8px; font-size: 14px;\">Clima piacevole e mite. Perfetto per esplorare siti storici.<\/p>\n<\/p><\/div><\/div>\n<div style=\"background-color: #e8f0fe; padding: 20px; border-radius: 10px; border-left: 5px solid #1a73e8;\">\n<h3 style=\"margin-top: 0; color: #1a73e8;\">Sicurezza in Giordania<\/h3>\n<p style=\"margin-bottom: 0;\">\n            La Giordania \u00e8 uno dei paesi pi\u00f9 sicuri e stabili del Medio Oriente. Il governo d\u00e0 priorit\u00e0 alla sicurezza dei visitatori e le forze di sicurezza sono molto attive nel mantenere l'ordine. I viaggiatori possono godersi la cultura e la natura in tutta tranquillit\u00e0.\n        <\/p>\n<\/p><\/div>\n<\/div>","protected":false},"excerpt":{"rendered":"<p>Frequently Asked Questions \u2022 Regarding the entry visa, is it included? Yes. Upon your arrival in Jordan, our representative will handle the visa process at the airport and prepare everything for you. \u2022 Do you provide a road map or GPS for the car? Yes, our representative will connect you to the GPS system inside [&hellip;]<\/p>","protected":false},"author":1,"featured_media":10481,"parent":0,"menu_order":0,"comment_status":"closed","ping_status":"closed","template":"","meta":{"footnotes":""},"class_list":["post-11130","page","type-page","status-publish","has-post-thumbnail","hentry"],"_links":{"self":[{"href":"https:\/\/www.starsskytravel.com\/it\/wp-json\/wp\/v2\/pages\/11130","targetHints":{"allow":["GET"]}}],"collection":[{"href":"https:\/\/www.starsskytravel.com\/it\/wp-json\/wp\/v2\/pages"}],"about":[{"href":"https:\/\/www.starsskytravel.com\/it\/wp-json\/wp\/v2\/types\/page"}],"author":[{"embeddable":true,"href":"https:\/\/www.starsskytravel.com\/it\/wp-json\/wp\/v2\/users\/1"}],"replies":[{"embeddable":true,"href":"https:\/\/www.starsskytravel.com\/it\/wp-json\/wp\/v2\/comments?post=11130"}],"version-history":[{"count":49,"href":"https:\/\/www.starsskytravel.com\/it\/wp-json\/wp\/v2\/pages\/11130\/revisions"}],"predecessor-version":[{"id":12267,"href":"https:\/\/www.starsskytravel.com\/it\/wp-json\/wp\/v2\/pages\/11130\/revisions\/12267"}],"wp:featuredmedia":[{"embeddable":true,"href":"https:\/\/www.starsskytravel.com\/it\/wp-json\/wp\/v2\/media\/10481"}],"wp:attachment":[{"href":"https:\/\/www.starsskytravel.com\/it\/wp-json\/wp\/v2\/media?parent=11130"}],"curies":[{"name":"wp","href":"https:\/\/api.w.org\/{rel}","templated":true}]}}