{"id":11586,"date":"2024-07-01T14:03:09","date_gmt":"2024-07-01T14:03:09","guid":{"rendered":"https:\/\/www.starsskytravel.com\/?page_id=11586"},"modified":"2025-12-28T14:39:42","modified_gmt":"2025-12-28T11:39:42","slug":"our-gallery","status":"publish","type":"page","link":"https:\/\/www.starsskytravel.com\/it\/our-gallery\/","title":{"rendered":"La nostra galleria"},"content":{"rendered":"<div id=\"grsGal0\" class=\"grsGal0 grsTemplate2\">\t\t\t<div class=\"grsGalCont\" ng-controller=\"grsThumbnail0\" ng-show=\"params.cssReady\" >\t\t\t\t<grs-thumbnail params=\"params\" resize scroll><\/grs-thumbnail>\t\t\t<\/div>\t\t<\/div>\t\t\t\t\t<script>\t\t\tvar grsAtts0 = jQuery.parseJSON('{\"id\":\"1\",\"view\":\"Thumbnail\",\"theme\":\"2\",\"width\":\"200\",\"height\":\"160\",\"contwidth\":\"100\",\"imagesperpage\":\"20\",\"pagination\":\"loadMore\",\"title\":\"onhover\",\"orderby\":\"order\",\"ordering\":\"ASC\",\"polaroid\":\"0\",\"clickaction\":\"openLightbox\",\"openlinktarget\":\"_top\",\"lightboxwidth\":\"800\",\"lightboxheight\":\"600\",\"lightboxfilmstrip\":\"undefined\",\"lightboxcomment\":\"undefined\",\"lightboxcontbutts\":\"1\",\"lightboxfullw\":\"1\",\"lightboxfbutt\":\"1\",\"lightboxtbutt\":\"1\",\"lightboxpbutt\":\"1\",\"lightboxtbbutt\":\"1\",\"lightboxlibutt\":\"1\",\"lightboxreddbutt\":\"1\",\"lightboxfsbutt\":\"1\",\"lightboxap\":\"1\",\"lightboxapin\":\"3\",\"lightboximinf\":\"1\",\"lightboxswipe\":\"1\",\"lightboximcn\":\"1\",\"lightboxeffect\":\"fade\",\"themeLastModDate\":\"1719842449\"}');\t\t\tgrsApp.controller('grsThumbnail0', ['$scope', '$filter', '$log',\t\t\t\tfunction ($scope, $filter, $log) {\t\t\t\t\t$scope.params = {\t\t\t\t\t\tshatts: grsAtts0,\t\t\t\t\t\tgrs: '0',\t\t\t\t\t\tdata: {\t\t\t\t\t\t\timages : [],\t\t\t\t\t\t\tcomments: [],\t\t\t\t\t\t\ttheme: {}\t\t\t\t\t\t},\t\t\t\t\t\tcssReady: false\t\t\t\t\t};\t\t\t\t\tinsertCss(grsAtts0, '0');\t\t\t\t}\t\t\t]);\t\t<\/script>\t\t\n<p style=\"text-align: center;\"><div data-wpcr3-content=\"-1\"><div class='wpcr3_respond_1' data-ajaxurl='[\"https:||www\",\"starsskytravel\",\"com|wp-admin|admin-ajax\",\"php?action=wpcr3-ajax\"]' data-on-postid='11586'data-postid='-1'><div class=\"wpcr3_reviews_holder\"><div class=\"wpcr3_review_item\"><div class=\"wpcr3_item wpcr3_business\" itemscope itemtype=\"https:\/\/schema.org\/LocalBusiness\"><meta itemprop=\"name\" content=\"Stars Sky Travel\" \/><meta itemprop=\"url\" content=\"https:\/\/www.starsskytravel.com\/it\" \/><meta itemprop=\"image\" content=\"https:\/\/www.starsskytravel.com\/wp-content\/plugins\/wp-customer-reviews\/css\/1x1.png\" \/><div class=\"wpcr3_dotline\"><\/div><div id=\"wpcr3_id_11944\" class=\"wpcr3_review\" itemprop=\"review\" itemscope itemtype=\"https:\/\/schema.org\/Review\"><div class=\"wpcr3_hide\" itemprop=\"author\" itemscope itemtype=\"https:\/\/schema.org\/Person\"><div itemprop=\"name\">Jerome cardin francoise<\/div><\/div><div class=\"wpcr3_hide\" itemprop=\"reviewRating\" itemscope itemtype=\"https:\/\/schema.org\/Rating\"><meta itemprop=\"bestRating\" content=\"5\" \/><meta itemprop=\"worstRating\" content=\"1\" \/><meta itemprop=\"ratingValue\" content=\"5\" \/><\/div><div class=\"wpcr3_review_ratingValue\"><div class=\"wpcr3_rating_style1\"><div class=\"wpcr3_rating_style1_base\"><div class=\"wpcr3_rating_style1_average\" style=\"width:100%;\"><\/div><\/div><\/div><\/div><div class=\"wpcr3_review_datePublished\" itemprop=\"datePublished\">Dec 24, 2025<\/div><div class=\"wpcr3_review_author\">&nbsp;by&nbsp;<span class=\"wpcr3_caps\">Jerome cardin francoise<\/span>&nbsp;on&nbsp;<span class=\"wpcr3_item_name\"><a href=\"https:\/\/www.starsskytravel.com\/it\/customize-tour\/reviews\/\">Stars Sky Travel<\/a><\/span><\/div><div class=\"wpcr3_clear\"><\/div><div class=\"wpcr3_review_title wpcr3_caps\">September 2025<\/div><div class=\"wpcr3_clear\"><\/div><blockquote class=\"wpcr3_content\" itemprop=\"reviewBody\"><p><br \/><br \/><br \/><br \/><br \/><br \/><br \/><p class=\"translation-block\">Grazie a <strong>Reema<\/strong> per aver organizzato un viaggio fantastico e una perfetta organizzazione.\nGrazie a <strong>Adnan<\/strong> per la sua gentilezza, il suo sorriso e tutte le sue attenzioni.\nGrazie per aver reso il nostro ingresso in Giordania cos\u00ec facile.<\/p><br \/><br \/><br \/><br \/><br \/><br \/><br \/><br \/><\/p><\/blockquote><\/div><\/div><\/div><div class=\"wpcr3_review_item\"><div class=\"wpcr3_item wpcr3_business\" itemscope itemtype=\"https:\/\/schema.org\/LocalBusiness\"><meta itemprop=\"name\" content=\"Stars Sky Travel\" \/><meta itemprop=\"url\" content=\"https:\/\/www.starsskytravel.com\/it\" \/><meta itemprop=\"image\" content=\"https:\/\/www.starsskytravel.com\/wp-content\/plugins\/wp-customer-reviews\/css\/1x1.png\" \/><div class=\"wpcr3_dotline\"><\/div><div id=\"wpcr3_id_11943\" class=\"wpcr3_review\" itemprop=\"review\" itemscope itemtype=\"https:\/\/schema.org\/Review\"><div class=\"wpcr3_hide\" itemprop=\"author\" itemscope itemtype=\"https:\/\/schema.org\/Person\"><div itemprop=\"name\">jerome cardin<\/div><\/div><div class=\"wpcr3_hide\" itemprop=\"reviewRating\" itemscope itemtype=\"https:\/\/schema.org\/Rating\"><meta itemprop=\"bestRating\" content=\"5\" \/><meta itemprop=\"worstRating\" content=\"1\" \/><meta itemprop=\"ratingValue\" content=\"5\" \/><\/div><div class=\"wpcr3_review_ratingValue\"><div class=\"wpcr3_rating_style1\"><div class=\"wpcr3_rating_style1_base\"><div class=\"wpcr3_rating_style1_average\" style=\"width:100%;\"><\/div><\/div><\/div><\/div><div class=\"wpcr3_review_datePublished\" itemprop=\"datePublished\">Dec 24, 2025<\/div><div class=\"wpcr3_review_author\">&nbsp;by&nbsp;<span class=\"wpcr3_caps\">jerome cardin<\/span>&nbsp;on&nbsp;<span class=\"wpcr3_item_name\"><a href=\"https:\/\/www.starsskytravel.com\/it\/customize-tour\/reviews\/\">Stars Sky Travel<\/a><\/span><\/div><div class=\"wpcr3_clear\"><\/div><div class=\"wpcr3_review_title wpcr3_caps\">Soggiorno dal 10 al 25 settembre 2025<\/div><div class=\"wpcr3_clear\"><\/div><blockquote class=\"wpcr3_content\" itemprop=\"reviewBody\"><p class=\"translation-block\">Ciao,\nSiamo molto felici del nostro viaggio in Giordania.\nAbbiamo apprezzato il caloroso benvenuto all'aeroporto da parte di una persona molto gentile, anche se non ricordo pi\u00f9 il suo nome, che ha reso tutte le formalit\u00e0 molto pi\u00f9 facili, il che \u00e8 stato molto apprezzato.\nGrazie al nostro autista <strong>Adnan<\/strong> per la sua gentilezza, attenzione e puntualit\u00e0. Ci siamo sempre sentiti al sicuro con lui ed \u00e8 stato un eccellente autista, soprattutto ad Amman.\nVorrei ringraziare <strong>Reema<\/strong> per tutti gli scambi che abbiamo avuto tramite WhatsApp. \u00c8 stata molto comprensiva e gentile.\nAbbiamo dei bei ricordi di questo viaggio e non posso che raccomandare <strong>Star Sky Travel<\/strong>.\nVorrei ringraziare di nuovo <strong>Reema<\/strong> per i suoi messaggi su WhatsApp... sempre una parola gentile e molto comprensiva.<\/p><\/blockquote><\/div><\/div><\/div><div class=\"wpcr3_review_item\"><div class=\"wpcr3_item wpcr3_business\" itemscope itemtype=\"https:\/\/schema.org\/LocalBusiness\"><meta itemprop=\"name\" content=\"Stars Sky Travel\" \/><meta itemprop=\"url\" content=\"https:\/\/www.starsskytravel.com\/it\" \/><meta itemprop=\"image\" content=\"https:\/\/www.starsskytravel.com\/wp-content\/plugins\/wp-customer-reviews\/css\/1x1.png\" \/><div class=\"wpcr3_dotline\"><\/div><div id=\"wpcr3_id_11609\" class=\"wpcr3_review\" itemprop=\"review\" itemscope itemtype=\"https:\/\/schema.org\/Review\"><div class=\"wpcr3_hide\" itemprop=\"author\" itemscope itemtype=\"https:\/\/schema.org\/Person\"><div itemprop=\"name\">DELERAY MAX<\/div><\/div><div class=\"wpcr3_hide\" itemprop=\"reviewRating\" itemscope itemtype=\"https:\/\/schema.org\/Rating\"><meta itemprop=\"bestRating\" content=\"5\" \/><meta itemprop=\"worstRating\" content=\"1\" \/><meta itemprop=\"ratingValue\" content=\"5\" \/><\/div><div class=\"wpcr3_review_ratingValue\"><div class=\"wpcr3_rating_style1\"><div class=\"wpcr3_rating_style1_base\"><div class=\"wpcr3_rating_style1_average\" style=\"width:100%;\"><\/div><\/div><\/div><\/div><div class=\"wpcr3_review_datePublished\" itemprop=\"datePublished\">Jul 11, 2024<\/div><div class=\"wpcr3_review_author\">&nbsp;by&nbsp;<span class=\"wpcr3_caps\">DELERAY MAX<\/span>&nbsp;on&nbsp;<span class=\"wpcr3_item_name\"><a href=\"https:\/\/www.starsskytravel.com\/it\/customize-tour\/reviews\/\">Stars Sky Travel<\/a><\/span><\/div><div class=\"wpcr3_clear\"><\/div><div class=\"wpcr3_review_title wpcr3_caps\">Il nostro soggiorno in Giordania<\/div><div class=\"wpcr3_clear\"><\/div><blockquote class=\"wpcr3_content\" itemprop=\"reviewBody\"><p class=\"translation-block\">Siamo molto felici del nostro soggiorno in Giordania dal <strong>1 al 12 luglio 2024<\/strong>.\nInnanzitutto, abbiamo apprezzato il caloroso benvenuto all'aeroporto da parte del <strong>sig. Hamza<\/strong> e il suo aiuto con tutte le formalit\u00e0.\nPoi, siamo stati entusiasti del supporto completo fornito per l'intero soggiorno dal <strong>sig. Ahmad Al SHARIF<\/strong>, che \u00e8 stato sempre al nostro servizio, attento alle nostre esigenze giorno e notte, sempre con grande gentilezza, un sorriso e un'attenzione eccezionale. Abbiamo ricevuto risposte a tutte le nostre domande e un grande aiuto nel risolvere tutte le nostre preoccupazioni, comprese quelle legate alla salute.\n\u00c8 con dispiacere che lasciamo questo bellissimo paese e <strong>Ahmad<\/strong>, poich\u00e9 abbiamo sentito una fiducia totale in lui, come se fosse un nipote di famiglia, grazie a tutta la cura che ci ha mostrato.\nGrazie a <strong>Stars Sky Travel<\/strong> per questa scelta eccellente per il nostro supporto quotidiano. Vi raccomanderemo alla nostra famiglia e ai nostri amici, cos\u00ec come ai nostri conoscenti che hanno agenzie di viaggi.<\/p><\/blockquote><\/div><\/div><\/div><\/div><\/div><\/div>","protected":false},"excerpt":{"rendered":"Jerome cardin francoiseDec 24, 2025&nbsp;by&nbsp;Jerome cardin francoise&nbsp;on&nbsp;Stars Sky TravelSeptember 2025Thank you to Reema for arranging a fantastic trip and perfect organization.Thank you to Adnan for his kindness, his smile, and all his attentions.Thank you for making our entry into Jordan so easy.jerome cardinDec 24, 2025&nbsp;by&nbsp;jerome cardin&nbsp;on&nbsp;Stars Sky TravelStay from September 10th to 25th, 2025Hello,We are [...]","protected":false},"author":1,"featured_media":0,"parent":0,"menu_order":0,"comment_status":"closed","ping_status":"closed","template":"template-blank.php","meta":{"footnotes":""},"class_list":["post-11586","page","type-page","status-publish","has-post-thumbnail","hentry"],"_links":{"self":[{"href":"https:\/\/www.starsskytravel.com\/it\/wp-json\/wp\/v2\/pages\/11586","targetHints":{"allow":["GET"]}}],"collection":[{"href":"https:\/\/www.starsskytravel.com\/it\/wp-json\/wp\/v2\/pages"}],"about":[{"href":"https:\/\/www.starsskytravel.com\/it\/wp-json\/wp\/v2\/types\/page"}],"author":[{"embeddable":true,"href":"https:\/\/www.starsskytravel.com\/it\/wp-json\/wp\/v2\/users\/1"}],"replies":[{"embeddable":true,"href":"https:\/\/www.starsskytravel.com\/it\/wp-json\/wp\/v2\/comments?post=11586"}],"version-history":[{"count":14,"href":"https:\/\/www.starsskytravel.com\/it\/wp-json\/wp\/v2\/pages\/11586\/revisions"}],"predecessor-version":[{"id":11605,"href":"https:\/\/www.starsskytravel.com\/it\/wp-json\/wp\/v2\/pages\/11586\/revisions\/11605"}],"wp:attachment":[{"href":"https:\/\/www.starsskytravel.com\/it\/wp-json\/wp\/v2\/media?parent=11586"}],"curies":[{"name":"wp","href":"https:\/\/api.w.org\/{rel}","templated":true}]}}