{"id":11753,"date":"2024-10-12T18:21:18","date_gmt":"2024-10-12T18:21:18","guid":{"rendered":"https:\/\/www.starsskytravel.com\/?page_id=11753"},"modified":"2025-12-23T15:55:42","modified_gmt":"2025-12-23T12:55:42","slug":"wildlife-welfare-and-ethical-treatment-policy","status":"publish","type":"page","link":"https:\/\/www.starsskytravel.com\/it\/wildlife-welfare-and-ethical-treatment-policy\/","title":{"rendered":"Politica sul benessere della fauna selvatica e sul trattamento etico"},"content":{"rendered":"<h1><code>Politica sul benessere della fauna selvatica e sul trattamento etico<\/code><\/h1>\n<p><code>Stars Sky Travel si impegna a garantire il trattamento etico e il benessere della fauna selvatica e proibisce severamente l'inclusione di escursioni e attrazioni che coinvolgano animali selvatici in cattivit\u00e0, a meno che non siano conformi alle leggi e ai regolamenti locali, nazionali e internazionali. Questa politica delinea il nostro impegno per il trattamento umano degli esemplari viventi di specie selvatiche protette e le misure necessarie per garantirne il benessere.<\/code><\/p>\n<p>&nbsp;<\/p>\n<h1><span style=\"color: #ff0000;\"><code><span style=\"color: #ff0000;\"><strong>Conformit\u00e0 agli standard legali ed etici:<\/strong><\/span><\/code><\/span><\/h1>\n<p>&nbsp;<\/p>\n<ol>\n<li><code>Tutte le escursioni e le attrazioni che coinvolgono la fauna selvatica devono essere conformi alle leggi e ai regolamenti locali, nazionali e internazionali relativi alla protezione e alla conservazione della fauna selvatica.<\/code><\/li>\n<\/ol>\n<p>&nbsp;<\/p>\n<ol start=\"2\">\n<li><code>Gli esemplari viventi di specie selvatiche protette dovrebbero essere inclusi nelle nostre offerte solo se detenuti da enti autorizzati e adeguatamente attrezzati per ospitarli e prendersene cura. Tali enti devono rispettare elevati standard di protezione degli animali.<\/code><\/li>\n<\/ol>\n<p>&nbsp;<\/p>\n<ol start=\"3\">\n<li><code>Non vengono offerte escursioni e attrazioni in cui \u00e8 tenuta fauna selvatica in cattivit\u00e0, ad eccezione delle attivit\u00e0 adeguatamente regolamentate e conformi alle normative locali, nazionali e internazionali. Le escursioni che includono interazioni con la fauna selvatica sono conformi ai codici di condotta pertinenti. Qualsiasi disturbo degli ecosistemi naturali \u00e8 ridotto al minimo.<\/code><\/li>\n<\/ol>\n<p><code>In caso di dubbi, e se un partner offre un'esperienza con la fauna selvatica in cattivit\u00e0, poniamo domande sulla provenienza degli animali, sulla vicinanza degli ospiti agli animali, se il locale offre spettacoli\/performance con animali, quale contributo fornisce il partner alla conservazione, come educa gli ospiti sugli animali e sulla conversazione, ecc.<\/code><\/p>\n<p>&nbsp;<\/p>\n<p>&nbsp;<\/p>\n<p>&nbsp;<\/p>\n<h1><span style=\"color: #ff0000;\"><code><span style=\"color: #ff0000;\"><strong>Processo di verifica e autorizzazione:<\/strong><\/span><\/code><\/span><\/h1>\n<ol>\n<li><code>Prima di includere nella nostra offerta qualsiasi attrazione che coinvolga la fauna selvatica, Stars Sky Travel effettuer\u00e0 verifiche approfondite per garantire la conformit\u00e0 agli standard legali ed etici.<\/code><\/li>\n<\/ol>\n<p>&nbsp;<\/p>\n<ol start=\"2\">\n<li><code>Le entit\u00e0 che detengono esemplari vivi di specie selvatiche protette devono fornire la prova di un'autorizzazione adeguata e le loro strutture saranno ispezionate per garantire che soddisfino o superino gli standard stabiliti per gli animali.<\/code><\/li>\n<\/ol>\n<p>&nbsp;<\/p>\n<h1><strong><code><span style=\"color: #ff0000;\">Azione immediata in caso di violazione:<\/span><\/code><\/strong><\/h1>\n<ol>\n<li><code>In caso di violazione della nostra politica sul benessere della fauna selvatica e sul trattamento etico, Stars Sky Travel adotter\u00e0 misure immediate e decisive<\/code><\/li>\n<\/ol>\n<p>&nbsp;<\/p>\n<ol start=\"2\">\n<li><code>Indagini approfondite:<\/code><\/li>\n<\/ol>\n<ul>\n<li><code>Condurre indagini approfondite per accertare la natura e l'entit\u00e0 del<\/code><\/li>\n<li><code>Collaborare con le autorit\u00e0 competenti, le organizzazioni per la conservazione e gli esperti in benessere della fauna selvatica durante il<\/code><\/li>\n<\/ul>\n<p>&nbsp;<\/p>\n<h1><code>3.Cessazione della collaborazione:<\/code><\/h1>\n<ul>\n<li><code>Interrompere la collaborazione con qualsiasi entit\u00e0 che violi la nostra politica.<\/code><\/li>\n<li><code>Comunicare per iscritto la decisione di interrompere la collaborazione, illustrando chiaramente le motivazioni<\/code><\/li>\n<\/ul>\n<p>&nbsp;<\/p>\n<h1><code>4. Segnalazione alle autorit\u00e0:<\/code><\/h1>\n<ul>\n<li><code>Segnalare la violazione alle autorit\u00e0 competenti a livello locale, nazionale e internazionale<\/code><\/li>\n<li><code>Collaborare pienamente con le indagini e fornire tutte le informazioni necessarie<\/code><\/li>\n<\/ul>\n<p>&nbsp;<\/p>\n<h1><code>5. Monitoraggio e miglioramento continui:<\/code><\/h1>\n<ul>\n<li><code>Implementare meccanismi di monitoraggio continuo per garantire la conformit\u00e0 continua al benessere della fauna selvatica e al trattamento etico<\/code><\/li>\n<\/ul>\n<p>&nbsp;<\/p>\n<h1><code>6. Verifiche periodiche:<\/code><\/h1>\n<ul>\n<li><code>Condurre audit regolari delle nostre offerte che coinvolgono la fauna selvatica<\/code><\/li>\n<li><code>Coinvolgere esperti esterni per valutare e fornire raccomandazioni per<\/code><\/li>\n<\/ul>\n<p>&nbsp;<\/p>\n<h1><code>7. Coinvolgimento delle parti interessate:<\/code><\/h1>\n<ul>\n<li><code>Collaborare con le autorit\u00e0 competenti, le organizzazioni per la conservazione e gli esperti in benessere della fauna selvatica durante il<\/code><\/li>\n<\/ul>\n<p>&nbsp;<\/p>\n<h1><code>8. Sensibilizzare:<\/code><\/h1>\n<ul>\n<li><code>Educare i viaggiatori sull'importanza del turismo responsabile nella protezione<\/code><\/li>\n<li><code>Promuovere la consapevolezza delle alternative etiche alle attrazioni che coinvolgono<\/code><\/li>\n<\/ul>\n<p>&nbsp;<\/p>\n<p><code>Questa Politica sul Benessere e il Trattamento Etico della Fauna Selvatica sottolinea l'impegno costante di Stars Sky Travel verso pratiche turistiche responsabili ed etiche. Dando priorit\u00e0 al trattamento umano della fauna selvatica e applicando politiche rigorose, miriamo a contribuire alla conservazione della biodiversit\u00e0 e al benessere degli esemplari viventi di specie selvatiche protette.<\/code><\/p>","protected":false},"excerpt":{"rendered":"<p>Wildlife Welfare and Ethical Treatment Policy Stars Sky Travel is committed to the ethical treatment and welfare of wildlife, and we strictly prohibit the inclusion of excursions and attractions involving captive wildlife unless they comply with local, national, and international laws and regulations. This policy outlines our commitment to the humane treatment of living specimens [&hellip;]<\/p>","protected":false},"author":1,"featured_media":11760,"parent":0,"menu_order":0,"comment_status":"closed","ping_status":"closed","template":"","meta":{"footnotes":""},"class_list":["post-11753","page","type-page","status-publish","has-post-thumbnail","hentry"],"_links":{"self":[{"href":"https:\/\/www.starsskytravel.com\/it\/wp-json\/wp\/v2\/pages\/11753","targetHints":{"allow":["GET"]}}],"collection":[{"href":"https:\/\/www.starsskytravel.com\/it\/wp-json\/wp\/v2\/pages"}],"about":[{"href":"https:\/\/www.starsskytravel.com\/it\/wp-json\/wp\/v2\/types\/page"}],"author":[{"embeddable":true,"href":"https:\/\/www.starsskytravel.com\/it\/wp-json\/wp\/v2\/users\/1"}],"replies":[{"embeddable":true,"href":"https:\/\/www.starsskytravel.com\/it\/wp-json\/wp\/v2\/comments?post=11753"}],"version-history":[{"count":17,"href":"https:\/\/www.starsskytravel.com\/it\/wp-json\/wp\/v2\/pages\/11753\/revisions"}],"predecessor-version":[{"id":12217,"href":"https:\/\/www.starsskytravel.com\/it\/wp-json\/wp\/v2\/pages\/11753\/revisions\/12217"}],"wp:featuredmedia":[{"embeddable":true,"href":"https:\/\/www.starsskytravel.com\/it\/wp-json\/wp\/v2\/media\/11760"}],"wp:attachment":[{"href":"https:\/\/www.starsskytravel.com\/it\/wp-json\/wp\/v2\/media?parent=11753"}],"curies":[{"name":"wp","href":"https:\/\/api.w.org\/{rel}","templated":true}]}}