{"id":11761,"date":"2024-10-13T11:33:27","date_gmt":"2024-10-13T11:33:27","guid":{"rendered":"https:\/\/www.starsskytravel.com\/?page_id=11761"},"modified":"2024-12-04T16:43:27","modified_gmt":"2024-12-04T13:43:27","slug":"stars-sky-travel-sustainability-policy-tool","status":"publish","type":"page","link":"https:\/\/www.starsskytravel.com\/it\/stars-sky-travel-sustainability-policy-tool\/","title":{"rendered":"Strumento di politica di sostenibilit\u00e0 di Stars Sky Travel"},"content":{"rendered":"<div data-elementor-type=\"wp-page\" data-elementor-id=\"11761\" class=\"elementor elementor-11761\">\n\t\t\t\t\t\t<section class=\"elementor-section elementor-top-section elementor-element elementor-element-58e2e441 elementor-section-boxed elementor-section-height-default elementor-section-height-default\" data-id=\"58e2e441\" data-element_type=\"section\">\n\t\t\t\t\t\t<div class=\"elementor-container elementor-column-gap-default\">\n\t\t\t\t\t<div class=\"elementor-column elementor-col-100 elementor-top-column elementor-element elementor-element-795b2338\" data-id=\"795b2338\" data-element_type=\"column\">\n\t\t\t<div class=\"elementor-widget-wrap elementor-element-populated\">\n\t\t\t\t\t\t<div class=\"elementor-element elementor-element-44f443c1 elementor-widget elementor-widget-text-editor\" data-id=\"44f443c1\" data-element_type=\"widget\" data-widget_type=\"text-editor.default\">\n\t\t\t\t<div class=\"elementor-widget-container\">\n\t\t\t\t\t\t\t\t\t<h1>Strumento di politica di sostenibilit\u00e0 di Stars Sky Travel<strong>\u00a0<\/strong><\/h1><p><strong>Sostenibilit\u00e0 ambientale:<\/strong><strong>\u00a0<\/strong><\/p><p>Noi di Stars Sky Travel siamo fermi nel nostro impegno verso la responsabilit\u00e0 ambientale, sociale ed economica, integrando pratiche sostenibili nelle nostre attivit\u00e0 di viaggio e turismo. Il nostro strumento di politica di sostenibilit\u00e0 ci guida nel ridurre al minimo gli impatti negativi e contribuire al benessere delle destinazioni in cui operiamo.<\/p><h1>1. Gestione ambientale e sostenibilit\u00e0 delle strutture ricettive:<\/h1><ul><li>Collaborate with accommodation partners for sustainable practices and energy-efficient upgrades, emphasizing community<\/li><li>Give preference to partners demonstrating a commitment to sustainability, fostering the growth of an eco-conscious<\/li><li>Encourage transparent reporting on sustainability progress from accommodation partners for ongoing<\/li><\/ul><h1>2. Responsabilit\u00e0 sociale e relazioni con i dipendenti:<\/h1><ul><li>Prioritize a secure work environment, compliance with legislation, and invest in staff career<\/li><li>Uphold a fair and transparent recruitment and selection process, fostering equal opportunities.<\/li><li>Ensure competitive and equitable compensation, inclusive of provisions for legal overtime<\/li><\/ul><h1>3. Norme e regolamenti interni:<\/h1><ul><li>Emphasize professionalism, equal opportunity, health and safety, confidentiality, and responsible resource<\/li><li>Advocate for the disclosure of conflicts of interest, follow structured disciplinary procedures, and actively engage in training and development.<\/li><\/ul><h1>4. Politiche sui trasporti:<\/h1><ul><li>Prioritize understanding client requirements for customized<\/li><li>Implement real-time monitoring, robust client communication, and systematic feedback<\/li><li>Emphasize ongoing data analysis, adaptive strategies, and continuous staff and partner<\/li><\/ul><h1>5. Iniziative di sviluppo sostenibile:<\/h1><ul><li>Prioritize local sourcing, advocate for equitable revenue distribution, and invest in local<\/li><li>Focus on energy efficiency, waste reduction, carbon offsetting, and biodiversity<\/li><li>Engage with local communities, preserve cultures, and ensure fair labor<\/li><\/ul><h1>6. Politica di acquisto sostenibile:<\/h1><ul><li>Emphasize products with proven sustainability credentials and support fair trade<\/li><li>Consider availability, affordability, quality standards, and supply chain complexity in purchasing<\/li><li>Recent examples include transitions to FSC-certified paper products and green cleaning<\/li><\/ul><p><strong><span style=\"font-size: 24pt;\">7.\u00a0 <\/span><\/strong><span style=\"font-size: 24pt;\"><strong>La nostra azienda si impegna a garantire che tutti<\/strong> <span style=\"font-size: 18pt;\">I nostri materiali di marketing e pubblicit\u00e0, le nostre dichiarazioni e le nostre pubblicazioni sono privi di informazioni fuorvianti, affermazioni esagerate e promesse non mantenute. Garantiamo che tutto il nostro personale \u00e8 pienamente informato e si impegna a rispettare rigorosamente gli impegni presi nei confronti dei nostri clienti.<\/span><\/span><\/p><p>\"Vietiamo severamente l'acquisto di souvenir raffiguranti specie animali e vegetali in via di estinzione.\"<\/p><p>oggetti storici o archeologici acquisiti illegalmente, nonch\u00e9 droghe o sostanze illecite.<\/p><p>rispettare le normative locali e internazionali volte a contrastare tali attivit\u00e0<\/p><h1>* Am\u00e9lioration continue\u00a0:<\/h1><ul><li>Rivedere e aggiornare regolarmente le pratiche di sostenibilit\u00e0, stabilendo indicatori chiave di prestazione per il continuo<\/li><li>Coinvolgere le parti interessate, inclusi dipendenti, clienti e comunit\u00e0 locali, per raccogliere feedback e spunti per migliorare la sostenibilit\u00e0<\/li><li>Partecipare attivamente alle collaborazioni di settore, condividendo le migliori pratiche per contribuire al miglioramento complessivo della sostenibilit\u00e0 nel settore dei viaggi e del turismo.<\/li><\/ul><p>La nostra Politica di sostenibilit\u00e0 aziendale \u00e8 un quadro dinamico soggetto a revisione e aggiornamenti regolari, che garantisce l'allineamento con le migliori pratiche del settore, un turismo responsabile e un impegno costante verso il miglioramento continuo.<\/p><p>Questo strumento integrato di politica di sostenibilit\u00e0 riflette un approccio globale alla sostenibilit\u00e0, allineando vari aspetti della responsabilit\u00e0 ambientale, sociale ed economica all'interno delle attivit\u00e0 di Stars Sky Travel.<\/p><p><em>\"La nostra azienda si impegna a garantire che tutti i materiali di marketing e pubblicit\u00e0, le dichiarazioni e le pubblicazioni siano privi di informazioni fuorvianti, affermazioni esagerate o risultati insufficienti. Garantiamo che tutto il nostro personale sia pienamente informato e dedito a mantenere fede alle promesse fatte ai nostri clienti senza intoppi.\"<\/em><em>\u00a0<\/em><\/p><p><em>\"Vietiamo severamente l'acquisizione di cimeli raffiguranti specie vegetali e animali in via di estinzione, reperti storici o archeologici acquisiti illegalmente, nonch\u00e9 droghe o sostanze illecite. Rispettiamo le normative locali e internazionali volte a contrastare tali attivit\u00e0.\"<\/em><\/p>\t\t\t\t\t\t\t\t<\/div>\n\t\t\t\t<\/div>\n\t\t\t\t\t<\/div>\n\t\t<\/div>\n\t\t\t\t\t<\/div>\n\t\t<\/section>\n\t\t\t\t<\/div>","protected":false},"excerpt":{"rendered":"<p>Stars Sky Travel Sustainability Policy Tool\u00a0 Environmental Sustainability:\u00a0 At Stars Sky Travel, we are steadfast in our commitment to environmental, social, and economic responsibility, integrating sustainable practices into our travel and tourism operations. Our Sustainability Policy Tool guides us in minimizing negative impacts and contributing to the well-being of the destinations we operate in. 1. [&hellip;]<\/p>","protected":false},"author":1,"featured_media":11615,"parent":0,"menu_order":0,"comment_status":"closed","ping_status":"closed","template":"","meta":{"footnotes":""},"class_list":["post-11761","page","type-page","status-publish","has-post-thumbnail","hentry"],"_links":{"self":[{"href":"https:\/\/www.starsskytravel.com\/it\/wp-json\/wp\/v2\/pages\/11761","targetHints":{"allow":["GET"]}}],"collection":[{"href":"https:\/\/www.starsskytravel.com\/it\/wp-json\/wp\/v2\/pages"}],"about":[{"href":"https:\/\/www.starsskytravel.com\/it\/wp-json\/wp\/v2\/types\/page"}],"author":[{"embeddable":true,"href":"https:\/\/www.starsskytravel.com\/it\/wp-json\/wp\/v2\/users\/1"}],"replies":[{"embeddable":true,"href":"https:\/\/www.starsskytravel.com\/it\/wp-json\/wp\/v2\/comments?post=11761"}],"version-history":[{"count":11,"href":"https:\/\/www.starsskytravel.com\/it\/wp-json\/wp\/v2\/pages\/11761\/revisions"}],"predecessor-version":[{"id":11908,"href":"https:\/\/www.starsskytravel.com\/it\/wp-json\/wp\/v2\/pages\/11761\/revisions\/11908"}],"wp:featuredmedia":[{"embeddable":true,"href":"https:\/\/www.starsskytravel.com\/it\/wp-json\/wp\/v2\/media\/11615"}],"wp:attachment":[{"href":"https:\/\/www.starsskytravel.com\/it\/wp-json\/wp\/v2\/media?parent=11761"}],"curies":[{"name":"wp","href":"https:\/\/api.w.org\/{rel}","templated":true}]}}